{"id":1259,"date":"2020-04-22T16:59:31","date_gmt":"2020-04-22T14:59:31","guid":{"rendered":"http:\/\/intairactions.com\/?page_id=1259"},"modified":"2020-05-06T10:44:04","modified_gmt":"2020-05-06T08:44:04","slug":"cookies","status":"publish","type":"page","link":"https:\/\/intairactions.com\/index.php\/cookies\/","title":{"rendered":"Cookies"},"content":{"rendered":"\n<div class=\"wp-block-columns is-layout-flex wp-container-core-columns-is-layout-9d6595d7 wp-block-columns-is-layout-flex\">\n<div class=\"wp-block-column is-layout-flow wp-block-column-is-layout-flow\">\n<h3 class=\"wp-block-heading\">Cookies<\/h3>\n\n\n\n<p>To make this website work properly,  small data files called cookies are placed on your device. <\/p>\n<\/div>\n\n\n\n<div class=\"wp-block-column is-layout-flow wp-block-column-is-layout-flow\">\n<h3 class=\"wp-block-heading\"><em><span class=\"has-inline-color has-vivid-cyan-blue-color\">Traceurs<\/span><\/em><\/h3>\n\n\n\n<p><em><span class=\"has-inline-color has-vivid-cyan-blue-color\">Pour que ce site fonctionne correctement de petits fichiers de donn\u00e9es appel\u00e9s traceurs ou \u201ccookies\u201d sont plac\u00e9s sur votre appareil.<\/span><\/em><\/p>\n<\/div>\n<\/div>\n\n\n\n<div class=\"wp-block-columns is-layout-flex wp-container-core-columns-is-layout-9d6595d7 wp-block-columns-is-layout-flex\">\n<div class=\"wp-block-column is-layout-flow wp-block-column-is-layout-flow\">\n<h5 class=\"wp-block-heading\">What is a cookie?<\/h5>\n\n\n\n<p>Cookies are text files placed on your computer to collect standard Internet log information and visitor behavior information. When you visit our website, we may collect information from you automatically through cookies or similar technology. For further information, visit <a href=\"http:\/\/allaboutcookies.org\" target=\"_blank\" rel=\"noreferrer noopener\">allaboutcookies.org<\/a>.<\/p>\n<\/div>\n\n\n\n<div class=\"wp-block-column is-layout-flow wp-block-column-is-layout-flow\">\n<h5 class=\"wp-block-heading\"><strong><span class=\"has-inline-color has-vivid-cyan-blue-color\"><em>Qu&#8217;est-ce-qu&#8217;un cookie ?<\/em><\/span><\/strong><\/h5>\n\n\n\n<p><em><span class=\"has-inline-color has-vivid-cyan-blue-color\"><em><em>Les cookies sont des fichiers texte plac\u00e9s sur votre ordinateur pour collecter des informations de journal Internet et des informations sur le comportement des visiteurs. Lorsque vous visitez notre site Web, nous pouvons collecter automatiquement des informations vous concernant par le biais de cookies ou de technologies similaires. Pour plus d&#8217;informations, visitez <a href=\"http:\/\/allaboutcookies.org\" target=\"_blank\" rel=\"noreferrer noopener\">allaboutcookies.org<\/a><\/em><\/em><\/span><\/em>.<\/p>\n<\/div>\n<\/div>\n\n\n\n<div class=\"wp-block-image\"><figure class=\"aligncenter size-large is-resized\"><img loading=\"lazy\" decoding=\"async\" src=\"https:\/\/intairactions.com\/wp-content\/uploads\/2020\/05\/cookie-227x219-1.jpg\" alt=\"\" class=\"wp-image-1431\" width=\"160\" height=\"153\"\/><\/figure><\/div>\n\n\n\n<div class=\"wp-block-columns is-layout-flex wp-container-core-columns-is-layout-9d6595d7 wp-block-columns-is-layout-flex\">\n<div class=\"wp-block-column is-layout-flow wp-block-column-is-layout-flow\">\n<h5 class=\"wp-block-heading\">What do we do with cookies?<\/h5>\n\n\n\n<p>The cookie files used by our site serve two purposes:<\/p>\n\n\n\n<ul class=\"wp-block-list\"><li>allow the proper technical functioning of the site<\/li><li>allow us to compile site traffic statistics<\/li><\/ul>\n\n\n\n<p>These statistics do not contain any personal data.<br>There is no risk in accepting cookies from this site.<br>They only contain an anonymous identification number.<br>They cannot be run as codes or carry viruses.<\/p>\n<\/div>\n\n\n\n<div class=\"wp-block-column is-layout-flow wp-block-column-is-layout-flow\">\n<h5 class=\"wp-block-heading\"><strong><span class=\"has-inline-color has-vivid-cyan-blue-color\"><em>Que faisons-nous avec les traceurs?<\/em><\/span><\/strong><\/h5>\n\n\n\n<p><em><span class=\"has-inline-color has-vivid-cyan-blue-color\">Les fichiers de cookies utilis\u00e9s par notre site ont deux finalit\u00e9s:<\/span><\/em><\/p>\n\n\n\n<ul class=\"wp-block-list\"><li><em><span class=\"has-inline-color has-vivid-cyan-blue-color\">permettre le bon fonctionnement technique du site<\/span><\/em><\/li><li><em><span class=\"has-inline-color has-vivid-cyan-blue-color\">nous permettre de constituer les statistiques de fr\u00e9quentation du site<\/span><\/em><\/li><\/ul>\n\n\n\n<p><em><span class=\"has-inline-color has-vivid-cyan-blue-color\">Ces statistiques ne contiennent aucune donn\u00e9e personnelle.<br>Il n\u2019y a aucun risque \u00e0 accepter les cookies de ce site.<br>Ils ne contiennent qu\u2019un num\u00e9ro d\u2019identification anonyme.<br>Ils ne peuvent pas \u00eatre ex\u00e9cut\u00e9s en tant que codes ni transporter de virus.<\/span><\/em><\/p>\n<\/div>\n<\/div>\n","protected":false},"excerpt":{"rendered":"<p>Cookies To make this website work properly, small data files called cookies are placed on your device. Traceurs Pour que ce site fonctionne correctement de petits fichiers de donn\u00e9es appel\u00e9s traceurs ou \u201ccookies\u201d sont plac\u00e9s sur votre appareil. What is<\/p>\n","protected":false},"author":1,"featured_media":0,"parent":0,"menu_order":0,"comment_status":"closed","ping_status":"closed","template":"","meta":{"footnotes":""},"class_list":["post-1259","page","type-page","status-publish","hentry","","tg-column-two"],"_links":{"self":[{"href":"https:\/\/intairactions.com\/index.php\/wp-json\/wp\/v2\/pages\/1259","targetHints":{"allow":["GET"]}}],"collection":[{"href":"https:\/\/intairactions.com\/index.php\/wp-json\/wp\/v2\/pages"}],"about":[{"href":"https:\/\/intairactions.com\/index.php\/wp-json\/wp\/v2\/types\/page"}],"author":[{"embeddable":true,"href":"https:\/\/intairactions.com\/index.php\/wp-json\/wp\/v2\/users\/1"}],"replies":[{"embeddable":true,"href":"https:\/\/intairactions.com\/index.php\/wp-json\/wp\/v2\/comments?post=1259"}],"version-history":[{"count":13,"href":"https:\/\/intairactions.com\/index.php\/wp-json\/wp\/v2\/pages\/1259\/revisions"}],"predecessor-version":[{"id":1433,"href":"https:\/\/intairactions.com\/index.php\/wp-json\/wp\/v2\/pages\/1259\/revisions\/1433"}],"wp:attachment":[{"href":"https:\/\/intairactions.com\/index.php\/wp-json\/wp\/v2\/media?parent=1259"}],"curies":[{"name":"wp","href":"https:\/\/api.w.org\/{rel}","templated":true}]}}