{"id":1306,"date":"2020-04-28T11:15:56","date_gmt":"2020-04-28T09:15:56","guid":{"rendered":"http:\/\/intairactions.com\/?page_id=1306"},"modified":"2024-03-04T11:57:49","modified_gmt":"2024-03-04T10:57:49","slug":"legal-notices-mentions-legales","status":"publish","type":"page","link":"https:\/\/intairactions.com\/index.php\/legal-notices-mentions-legales\/","title":{"rendered":"Legal Notices \/ Mentions L\u00e9gales"},"content":{"rendered":"\n<div class=\"wp-block-columns is-layout-flex wp-container-core-columns-is-layout-9d6595d7 wp-block-columns-is-layout-flex\">\n<div class=\"wp-block-column is-vertically-aligned-center is-layout-flow wp-block-column-is-layout-flow\" style=\"flex-basis:33.33%\">\n<figure class=\"wp-block-image size-large\"><img loading=\"lazy\" decoding=\"async\" width=\"512\" height=\"512\" src=\"https:\/\/intairactions.com\/wp-content\/uploads\/2020\/04\/cropped-Logo4.png\" alt=\"\" class=\"wp-image-1188\" srcset=\"https:\/\/intairactions.com\/wp-content\/uploads\/2020\/04\/cropped-Logo4.png 512w, https:\/\/intairactions.com\/wp-content\/uploads\/2020\/04\/cropped-Logo4-150x150.png 150w, https:\/\/intairactions.com\/wp-content\/uploads\/2020\/04\/cropped-Logo4-100x100.png 100w, https:\/\/intairactions.com\/wp-content\/uploads\/2020\/04\/cropped-Logo4-300x300.png 300w, https:\/\/intairactions.com\/wp-content\/uploads\/2020\/04\/cropped-Logo4-270x270.png 270w, https:\/\/intairactions.com\/wp-content\/uploads\/2020\/04\/cropped-Logo4-230x230.png 230w, https:\/\/intairactions.com\/wp-content\/uploads\/2020\/04\/cropped-Logo4-45x45.png 45w\" sizes=\"auto, (max-width: 512px) 100vw, 512px\" \/><\/figure>\n\n\n\n<p><strong>Tel :<\/strong> <strong>+3364674971<\/strong><\/p>\n<\/div>\n\n\n\n<div class=\"wp-block-column is-vertically-aligned-bottom is-layout-flow wp-block-column-is-layout-flow\" style=\"flex-basis:70%\">\n<p class=\"has-normal-font-size\"><strong>Publication<\/strong> <strong>Manager&nbsp;<\/strong>: Laurence Peyrebrune<\/p>\n\n\n\n<p class=\"has-normal-font-size\"><em><span class=\"has-inline-color has-vivid-cyan-blue-color\"><strong>Directeur de publication<\/strong>&nbsp;: Laurence Peyrebrune<\/span><\/em><\/p>\n\n\n\n<p><strong>E-mail <\/strong>:<a href=\"https:\/\/intairactions.com\/index.php\/contact-us\/\" target=\"_blank\" rel=\"noreferrer noopener\"> l.peyrebrune@intairactions.com<\/a><\/p>\n<\/div>\n<\/div>\n\n\n\n<div class=\"wp-block-columns has-very-light-gray-background-color has-background is-layout-flex wp-container-core-columns-is-layout-9d6595d7 wp-block-columns-is-layout-flex\">\n<div class=\"wp-block-column is-layout-flow wp-block-column-is-layout-flow\">\n<p><strong>SAS<\/strong> <strong><strong>IntAIRactions <\/strong><\/strong>is a French Company located 2 Rue de L&#8217;Olivi\u00e8re 17450 Fouras- France<\/p>\n\n\n\n<p><strong>Training<\/strong> <strong>Organisation<\/strong> referenced to the Prefect of the New Aquitaine region<\/p>\n\n\n\n<p><strong>Capital Stock<\/strong> \/4000\u20ac<\/p>\n<\/div>\n\n\n\n<div class=\"wp-block-column is-layout-flow wp-block-column-is-layout-flow\">\n<p><strong><span style=\"background-color:rgba(0, 0, 0, 0)\" class=\"has-inline-color has-vivid-cyan-blue-color\"><em>SAS<\/em><\/span><\/strong> <em><span style=\"background-color:rgba(0, 0, 0, 0)\" class=\"has-inline-color has-vivid-cyan-blue-color\"><strong><em>IntAIRactions <\/em><\/strong><em>est une Soci\u00e9t\u00e9 fran\u00e7aise sise au 2 Rue de L&#8217;Olivi\u00e8re 17450 Fouras<\/em><\/span><\/em><em><span style=\"background-color:rgba(0, 0, 0, 0)\" class=\"has-inline-color has-vivid-cyan-blue-color\"><em>&#8211; France<\/em><\/span><\/em><\/p>\n\n\n\n<p><em><span class=\"has-inline-color has-vivid-cyan-blue-color\"><strong>Organisme de formation<\/strong> r\u00e9f\u00e9renc\u00e9 aupr\u00e8s du Pr\u00e9fet de la r\u00e9gion Nouvelle Aquitaine<\/span><\/em><\/p>\n\n\n\n<p><em><span class=\"has-inline-color has-vivid-cyan-blue-color\"><strong>Capital Social <\/strong>\/4000\u20ac<\/span><\/em><\/p>\n<\/div>\n<\/div>\n\n\n\n<div class=\"wp-block-columns is-layout-flex wp-container-core-columns-is-layout-9d6595d7 wp-block-columns-is-layout-flex\">\n<div class=\"wp-block-column is-layout-flow wp-block-column-is-layout-flow\">\n<p class=\"has-normal-font-size\"><strong>Site hosted by<\/strong> : Soci\u00e9t\u00e9 OVH SAS 2, rue Kellermann, 59100 Roubaix<\/p>\n<\/div>\n\n\n\n<div class=\"wp-block-column is-layout-flow wp-block-column-is-layout-flow\">\n<p class=\"has-normal-font-size\"><em><span class=\"has-inline-color has-vivid-cyan-blue-color\"><strong>H\u00e9bergeur du site<\/strong> : Soci\u00e9t\u00e9 OVH SAS 2, rue Kellermann, 59100 Roubaix<\/span><\/em><\/p>\n<\/div>\n<\/div>\n","protected":false},"excerpt":{"rendered":"<p>Tel : +3364674971 Publication Manager&nbsp;: Laurence Peyrebrune Directeur de publication&nbsp;: Laurence Peyrebrune E-mail : l.peyrebrune@intairactions.com SAS IntAIRactions is a French Company located 2 Rue de L&#8217;Olivi\u00e8re 17450 Fouras- France Training Organisation referenced to the Prefect of the New Aquitaine region<\/p>\n","protected":false},"author":1,"featured_media":0,"parent":0,"menu_order":0,"comment_status":"closed","ping_status":"closed","template":"","meta":{"footnotes":""},"class_list":["post-1306","page","type-page","status-publish","hentry","","tg-column-two"],"_links":{"self":[{"href":"https:\/\/intairactions.com\/index.php\/wp-json\/wp\/v2\/pages\/1306","targetHints":{"allow":["GET"]}}],"collection":[{"href":"https:\/\/intairactions.com\/index.php\/wp-json\/wp\/v2\/pages"}],"about":[{"href":"https:\/\/intairactions.com\/index.php\/wp-json\/wp\/v2\/types\/page"}],"author":[{"embeddable":true,"href":"https:\/\/intairactions.com\/index.php\/wp-json\/wp\/v2\/users\/1"}],"replies":[{"embeddable":true,"href":"https:\/\/intairactions.com\/index.php\/wp-json\/wp\/v2\/comments?post=1306"}],"version-history":[{"count":7,"href":"https:\/\/intairactions.com\/index.php\/wp-json\/wp\/v2\/pages\/1306\/revisions"}],"predecessor-version":[{"id":1559,"href":"https:\/\/intairactions.com\/index.php\/wp-json\/wp\/v2\/pages\/1306\/revisions\/1559"}],"wp:attachment":[{"href":"https:\/\/intairactions.com\/index.php\/wp-json\/wp\/v2\/media?parent=1306"}],"curies":[{"name":"wp","href":"https:\/\/api.w.org\/{rel}","templated":true}]}}