{"id":492,"date":"2014-04-03T20:14:11","date_gmt":"2014-04-03T20:14:11","guid":{"rendered":"http:\/\/demo.themegrill.com\/spacious-pro\/?page_id=6"},"modified":"2026-04-28T17:35:36","modified_gmt":"2026-04-28T15:35:36","slug":"contact-us","status":"publish","type":"page","link":"https:\/\/intairactions.com\/index.php\/contact-us\/","title":{"rendered":"Contact Us"},"content":{"rendered":"\n<figure class=\"wp-block-image\"><img loading=\"lazy\" decoding=\"async\" width=\"1218\" height=\"177\" src=\"https:\/\/intairactions.com\/wp-content\/uploads\/2020\/05\/aircraft-trace-1218x177-1-e1588676924299.png\" alt=\"\" class=\"wp-image-1346\" srcset=\"https:\/\/intairactions.com\/wp-content\/uploads\/2020\/05\/aircraft-trace-1218x177-1-e1588676924299.png 1218w, https:\/\/intairactions.com\/wp-content\/uploads\/2020\/05\/aircraft-trace-1218x177-1-e1588676924299-600x87.png 600w, https:\/\/intairactions.com\/wp-content\/uploads\/2020\/05\/aircraft-trace-1218x177-1-e1588676924299-300x44.png 300w, https:\/\/intairactions.com\/wp-content\/uploads\/2020\/05\/aircraft-trace-1218x177-1-e1588676924299-1024x149.png 1024w, https:\/\/intairactions.com\/wp-content\/uploads\/2020\/05\/aircraft-trace-1218x177-1-e1588676924299-768x112.png 768w\" sizes=\"auto, (max-width: 1218px) 100vw, 1218px\" \/><\/figure>\n\n\n<div class=\"everest-forms\"><div class=\"evf-container default\" id=\"evf-453\"><form id=\"evf-form-453\" class=\"everest-form\" data-formid=\"453\" data-ajax_submission=\"0\" data-keyboard_friendly_form=\"0\" data-form_state_type=\"\" method=\"post\" enctype=\"multipart\/form-data\" action=\"\/index.php\/wp-json\/wp\/v2\/pages\/492\"><div class=\"evf-field-container\"><input type=\"hidden\" id=\"_wpnonce453\" name=\"_wpnonce453\" value=\"decb9d2e73\" \/><input type=\"hidden\" name=\"_wp_http_referer\" value=\"\/index.php\/wp-json\/wp\/v2\/pages\/492\" \/><div class=\"evf-frontend-row\" data-row=\"row_1\" conditional_rules=\"[]\"><div class=\"evf-frontend-grid evf-grid-1\" data-grid=\"grid_1\"><div id=\"evf-453-field_lVizlNhYus-1-container\" class=\"evf-field evf-field-text form-row validate-required\" data-required-field-message=\"This field is required.\" data-field-id=\"lVizlNhYus-1\"><label class=\"evf-field-label\" for=\"evf-453-field_lVizlNhYus-1\"><span class=\"evf-label\">Name<\/span> <abbr class=\"required\" title=\"Required\">*<\/abbr><\/label><input type=\"text\" id=\"evf-453-field_lVizlNhYus-1\" class=\"input-text\" name=\"everest_forms[form_fields][lVizlNhYus-1]\" required><\/div><div id=\"evf-453-field_XYnMdkQDKM-3-container\" class=\"evf-field evf-field-email form-row validate-required validate-email\" data-required-field-message=\"Please enter a valid email address.\" data-field-id=\"XYnMdkQDKM-3\"><label class=\"evf-field-label\" for=\"evf-453-field_XYnMdkQDKM-3\"><span class=\"evf-label\">Email<\/span> <abbr class=\"required\" title=\"Required\">*<\/abbr><\/label><input type=\"email\" id=\"evf-453-field_XYnMdkQDKM-3\" class=\"input-text\" name=\"everest_forms[form_fields][XYnMdkQDKM-3]\" required ><\/div><div id=\"evf-453-field_xJivsqAS2c-2-container\" class=\"evf-field evf-field-text form-row validate-required\" data-required-field-message=\"This field is required.\" data-field-id=\"xJivsqAS2c-2\"><label class=\"evf-field-label\" for=\"evf-453-field_xJivsqAS2c-2\"><span class=\"evf-label\">Subject<\/span> <abbr class=\"required\" title=\"Required\">*<\/abbr><\/label><input type=\"text\" id=\"evf-453-field_xJivsqAS2c-2\" class=\"input-text\" name=\"everest_forms[form_fields][xJivsqAS2c-2]\" required><\/div><div id=\"evf-453-field_YalaPcQ0DO-4-container\" class=\"evf-field evf-field-textarea form-row validate-required\" data-required-field-message=\"This field is required.\" data-field-id=\"YalaPcQ0DO-4\"><label class=\"evf-field-label\" for=\"evf-453-field_YalaPcQ0DO-4\"><span class=\"evf-label\">Message<\/span> <abbr class=\"required\" title=\"Required\">*<\/abbr><\/label><textarea id=\"evf-453-field_YalaPcQ0DO-4\" class=\"input-text\" name=\"everest_forms[form_fields][YalaPcQ0DO-4]\" required ><\/textarea><\/div><div id=\"evf-453-field_mhHDQBtLbV-2-container\" class=\"evf-field evf-field-textarea form-row\" data-field-id=\"mhHDQBtLbV-2\"><label class=\"evf-field-label\" for=\"evf-453-field_mhHDQBtLbV-2\"><span class=\"evf-label\">Advertisements \/ Publicit\u00e9<\/span> <\/label><textarea id=\"evf-453-field_mhHDQBtLbV-2\" class=\"input-text\" name=\"everest_forms[form_fields][mhHDQBtLbV-2]\" placeholder=\"We would like to send you advertisements on new trainings or services that you might like. If you wish receiving such requests, please CHECK the box below.                                                                                                                                                                                                                                                                                                                                                                                                                                                                                                                                                    Nous souhaiterions vous adresser des publicit\u00e9s au sujet de nouvelles formations ou services qui pourraient vous int\u00e9resser. Si vous souhaitez recevoir de telles sollicitations, veuillez COCHER la case ci-dessous .\"  ><\/textarea><\/div><div id=\"evf-453-field_Txri6wAPGq-3-container\" class=\"evf-field evf-field-checkbox form-row\" data-field-id=\"Txri6wAPGq-3\"><label class=\"evf-field-label\" for=\"evf-453-field_Txri6wAPGq-3\"><span class=\"evf-label\">CHECK the box \/ COCHEZ la case<\/span> <\/label><ul id=\"evf-453-field_Txri6wAPGq-3\"><li class=\"choice-1 depth-1\"><input type=\"checkbox\" id=\"evf-453-field_Txri6wAPGq-3_1\" class=\"input-text\" name=\"everest_forms[form_fields][Txri6wAPGq-3][]\" value=\"Checked\"  ><label class=\"everest-forms-field-label-inline\" for=\"evf-453-field_Txri6wAPGq-3_1\"><\/label><\/li><\/ul><\/div><\/div><\/div><div class=\"evf-frontend-row\" data-row=\"row_2\" conditional_rules=\"[]\"><div class=\"evf-frontend-grid evf-grid-1\" data-grid=\"grid_1\"><\/div><\/div><\/div><div class=\"evf-honeypot-container evf-field-hp\"><label for=\"evf-453-field-hp\" class=\"evf-field-label\">Message<\/label><input type=\"text\" name=\"everest_forms[hp]\" id=\"evf-453-field-hp\" class=\"input-text\"><\/div><div class=\"evf-recaptcha-container \" style=\"display:block\"><div class=\"g-recaptcha\" data-sitekey=\"6LcoOewUAAAAAEWOYyaTDXRC4kjIIoKfMdx33moA\"><\/div><\/div><div class=\"evf-submit-container \" ><input type=\"hidden\" name=\"everest_forms[id]\" value=\"453\"><input type=\"hidden\" name=\"everest_forms[author]\" value=\"1\"><button type='submit' name='everest_forms[submit]' class='everest-forms-submit-button button evf-submit ' id='evf-submit-453' value='evf-submit' data-process-text=\"Processing\u2026\" conditional_rules='&quot;&quot;' conditional_id='evf-submit-453'  id=\"evf-submit-453\" aria-live=\"assertive\">Submit<\/button><\/div><\/form><\/div><!-- .evf-container --><\/div>\n\n\n<div class=\"wp-block-columns are-vertically-aligned-center is-layout-flex wp-container-core-columns-is-layout-9d6595d7 wp-block-columns-is-layout-flex\">\n<div class=\"wp-block-column is-vertically-aligned-center is-layout-flow wp-block-column-is-layout-flow\"><div class=\"wp-block-image is-style-rounded\">\n<figure class=\"alignright size-large is-resized\"><img loading=\"lazy\" decoding=\"async\" width=\"512\" height=\"512\" src=\"http:\/\/intairactions.com\/wp-content\/uploads\/2020\/04\/customer-service.png\" alt=\"\" class=\"wp-image-561\" style=\"width:78px;height:78px\" srcset=\"https:\/\/intairactions.com\/wp-content\/uploads\/2020\/04\/customer-service.png 512w, https:\/\/intairactions.com\/wp-content\/uploads\/2020\/04\/customer-service-150x150.png 150w, https:\/\/intairactions.com\/wp-content\/uploads\/2020\/04\/customer-service-100x100.png 100w, https:\/\/intairactions.com\/wp-content\/uploads\/2020\/04\/customer-service-300x300.png 300w, https:\/\/intairactions.com\/wp-content\/uploads\/2020\/04\/customer-service-270x270.png 270w, https:\/\/intairactions.com\/wp-content\/uploads\/2020\/04\/customer-service-230x230.png 230w, https:\/\/intairactions.com\/wp-content\/uploads\/2020\/04\/customer-service-45x45.png 45w\" sizes=\"auto, (max-width: 512px) 100vw, 512px\" \/><\/figure>\n<\/div><\/div>\n\n\n\n<div class=\"wp-block-column is-vertically-aligned-center is-layout-flow wp-block-column-is-layout-flow\" style=\"flex-basis:68.5%\">\n<p style=\"font-size:18px\">Phone Number : <strong>+33 646 714 971<\/strong><\/p>\n<\/div>\n<\/div>\n\n\n\n<div class=\"wp-block-columns is-layout-flex wp-container-core-columns-is-layout-9d6595d7 wp-block-columns-is-layout-flex\">\n<div class=\"wp-block-column is-vertically-aligned-center is-layout-flow wp-block-column-is-layout-flow\">\n<blockquote class=\"wp-block-quote has-text-align-right is-style-default is-layout-flow wp-block-quote-is-layout-flow\">\n<p><strong><span class=\"has-inline-color has-vivid-purple-color\">R\u00e9f\u00e9rente Handicap  : <\/span> <\/strong><\/p>\n\n\n\n<p><strong><span class=\"has-inline-color has-vivid-purple-color\">+33 646 714 974 <\/span><\/strong><\/p>\n<\/blockquote>\n\n\n\n<p><em>Et autres partenaires sp\u00e9cialis\u00e9s intervenant pour le compte de l&#8217;<strong>Agefiph<\/strong> et du <strong>FIPHFP<\/strong>, les <strong>Cap Emploi<\/strong> et les <strong>MDPH<\/strong>.<\/em><\/p>\n<\/div>\n\n\n\n<div class=\"wp-block-column is-vertically-aligned-center is-layout-flow wp-block-column-is-layout-flow\"><div class=\"wp-block-image\">\n<figure class=\"aligncenter size-full is-resized\"><a href=\"https:\/\/www.agefiph.fr\/\"><img loading=\"lazy\" decoding=\"async\" width=\"192\" height=\"107\" src=\"https:\/\/intairactions.com\/wp-content\/uploads\/2023\/05\/Agefiph-logo.jpg\" alt=\"\" class=\"wp-image-1547\" style=\"width:158px;height:88px\"\/><\/a><figcaption class=\"wp-element-caption\"><em>Cliquez ci-dessus pour consulter le site de l&#8217;Agefiph<\/em><\/figcaption><\/figure>\n<\/div><\/div>\n<\/div>\n\n\n\n<p class=\"has-very-dark-gray-color has-text-color\">Your email will never be published. The information collected on this form only allows the management and follow-up of your requests.<br>In accordance with the General Data Protection Regulations (GDPR), you can exercise your rights on your personal data. <\/p>\n\n\n\n<p class=\"has-very-dark-gray-color has-very-light-gray-background-color has-text-color has-background\"><a rel=\"noreferrer noopener\" href=\"http:\/\/intairactions.com\/index.php\/data-privacy\/\" target=\"_blank\">For more information, <strong>please refer here to our PRIVACY POLICY.<\/strong><\/a><\/p>\n\n\n\n<p><em><span class=\"has-inline-color has-vivid-cyan-blue-color\">Votre courriel ne sera jamais publi\u00e9. Les informations recueillies sur ce formulaire permettent seulement la gestion et le suivi de vos demandes.<br>Conform\u00e9ment au R\u00e8glement g\u00e9n\u00e9ral sur la protection des donn\u00e9es (RGPD), vous pouvez exercer vos droits sur vos donn\u00e9es personnelles. <\/span><\/em><\/p>\n\n\n\n<p class=\"has-very-light-gray-background-color has-background\"><em><span class=\"has-inline-color has-vivid-cyan-blue-color\"><a rel=\"noreferrer noopener\" href=\"http:\/\/intairactions.com\/index.php\/data-privacy\/\" target=\"_blank\">Pour plus d&#8217;informations, <strong>reportez-vous ici \u00e0 notre <\/strong><\/a><\/span><strong><a rel=\"noreferrer noopener\" href=\"http:\/\/intairactions.com\/index.php\/data-privacy\/\" target=\"_blank\"><span class=\"has-inline-color has-vivid-cyan-blue-color\">POLITIQUE DE CONFIDENTIALIT\u00c9.<\/span><\/a><\/strong><\/em><\/p>\n","protected":false},"excerpt":{"rendered":"<p>Phone Number : +33 646 714 971 R\u00e9f\u00e9rente Handicap : +33 646 714 974 Et autres partenaires sp\u00e9cialis\u00e9s intervenant pour le compte de l&#8217;Agefiph et du FIPHFP, les Cap Emploi et les MDPH. Your email will never be published. The<\/p>\n","protected":false},"author":1,"featured_media":0,"parent":0,"menu_order":0,"comment_status":"closed","ping_status":"closed","template":"","meta":{"footnotes":""},"class_list":["post-492","page","type-page","status-publish","hentry","","tg-column-two"],"_links":{"self":[{"href":"https:\/\/intairactions.com\/index.php\/wp-json\/wp\/v2\/pages\/492","targetHints":{"allow":["GET"]}}],"collection":[{"href":"https:\/\/intairactions.com\/index.php\/wp-json\/wp\/v2\/pages"}],"about":[{"href":"https:\/\/intairactions.com\/index.php\/wp-json\/wp\/v2\/types\/page"}],"author":[{"embeddable":true,"href":"https:\/\/intairactions.com\/index.php\/wp-json\/wp\/v2\/users\/1"}],"replies":[{"embeddable":true,"href":"https:\/\/intairactions.com\/index.php\/wp-json\/wp\/v2\/comments?post=492"}],"version-history":[{"count":45,"href":"https:\/\/intairactions.com\/index.php\/wp-json\/wp\/v2\/pages\/492\/revisions"}],"predecessor-version":[{"id":1595,"href":"https:\/\/intairactions.com\/index.php\/wp-json\/wp\/v2\/pages\/492\/revisions\/1595"}],"wp:attachment":[{"href":"https:\/\/intairactions.com\/index.php\/wp-json\/wp\/v2\/media?parent=492"}],"curies":[{"name":"wp","href":"https:\/\/api.w.org\/{rel}","templated":true}]}}