{"id":550,"date":"2020-04-14T19:38:39","date_gmt":"2020-04-14T17:38:39","guid":{"rendered":"http:\/\/intairactions.com\/?page_id=550"},"modified":"2024-03-04T11:59:58","modified_gmt":"2024-03-04T10:59:58","slug":"data-privacy","status":"publish","type":"page","link":"https:\/\/intairactions.com\/index.php\/data-privacy\/","title":{"rendered":"Privacy Policy \/ Politique de Confidentialit\u00e9"},"content":{"rendered":"\n<div class=\"wp-block-columns alignwide is-layout-flex wp-container-core-columns-is-layout-9d6595d7 wp-block-columns-is-layout-flex\">\n<div class=\"wp-block-column is-layout-flow wp-block-column-is-layout-flow\" style=\"flex-basis:46%\">\n<p>This privacy policy describes how IntAIRactions collects and uses your personal data when you use this website.<\/p>\n<\/div>\n\n\n\n<div class=\"wp-block-column is-layout-flow wp-block-column-is-layout-flow\" style=\"flex-basis:54%\">\n<p><em><span class=\"has-inline-color has-vivid-cyan-blue-color\">Cette politique de confidentialit\u00e9 d\u00e9crit comment IntAIRactions collecte et utilise vos donn\u00e9es personnelles lorsque vous utilisez ce site.<\/span><\/em><\/p>\n<\/div>\n<\/div>\n\n\n\n<div class=\"wp-block-columns alignwide is-layout-flex wp-container-core-columns-is-layout-9d6595d7 wp-block-columns-is-layout-flex\">\n<div class=\"wp-block-column is-layout-flow wp-block-column-is-layout-flow\" style=\"flex-basis:46%\">\n<h4 class=\"wp-block-heading\">Who we are&nbsp;?<\/h4>\n\n\n\n<p>Our website address  is : <strong>https:\/\/intairactions.com<\/strong><\/p>\n\n\n\n<p>Legal Manager : Ms. Laurence PEYREBRUNE, President and Data Protection Officer.<\/p>\n<\/div>\n\n\n\n<div class=\"wp-block-column is-layout-flow wp-block-column-is-layout-flow\" style=\"flex-basis:54%\">\n<h4 class=\"wp-block-heading\"><em><span class=\"has-inline-color has-vivid-cyan-blue-color\">Qui sommes nous ?<\/span><\/em><\/h4>\n\n\n\n<p><em><span class=\"has-inline-color has-vivid-cyan-blue-color\">L&#8217;adresse de notre site internet est :<\/span><\/em><span><span class=\"has-inline-color has-vivid-cyan-blue-color\" style=\"\"><i> <strong>https:\/\/intairactions.com<\/strong><\/i><\/span><\/span><\/p>\n\n\n\n<p><em><span class=\"has-inline-color has-vivid-cyan-blue-color\">Responsable l\u00e9gal : Mme Laurence PEYREBRUNE, Pr\u00e9sidente et Responsable de la Protection des Donn\u00e9es.<\/span><\/em><\/p>\n<\/div>\n<\/div>\n\n\n\n<div class=\"wp-block-columns alignwide is-layout-flex wp-container-core-columns-is-layout-9d6595d7 wp-block-columns-is-layout-flex\">\n<div class=\"wp-block-column is-layout-flow wp-block-column-is-layout-flow\" style=\"flex-basis:46%\">\n<h4 class=\"wp-block-heading\">What privacy data are collected?<\/h4>\n\n\n\n<h5 class=\"wp-block-heading\">From the Contact Form you voluntarily complete and From your calls or emails:<\/h5>\n\n\n\n<p>Personal identity information : Your name, surname, phone number, company address and email address.<\/p>\n<\/div>\n\n\n\n<div class=\"wp-block-column is-layout-flow wp-block-column-is-layout-flow\" style=\"flex-basis:54%\">\n<h4 class=\"wp-block-heading\"><em><span class=\"has-inline-color has-vivid-cyan-blue-color\">Quelles sont  les donn\u00e9es personnelles collect\u00e9es ?<\/span><\/em><\/h4>\n\n\n\n<h5 class=\"wp-block-heading\"><span style=\"background-color:rgba(0, 0, 0, 0)\" class=\"has-inline-color has-vivid-cyan-blue-color\"><em>A partir du Formulaire Contact renseign\u00e9s volontairement et <em>\u00e0 partir de vos appels ou courriels <\/em>:<\/em><\/span><\/h5>\n\n\n\n<p><span style=\"background-color:rgba(0, 0, 0, 0)\" class=\"has-inline-color has-vivid-cyan-blue-color\"><em><em>Informations d&#8217;identit\u00e9 personnelle : Vos nom, pr\u00e9nom, num\u00e9ro de t\u00e9l\u00e9phone, adresse soci\u00e9t\u00e9 et adresse email<\/em><\/em>.<\/span><\/p>\n<\/div>\n<\/div>\n\n\n\n<div class=\"wp-block-columns alignwide is-layout-flex wp-container-core-columns-is-layout-9d6595d7 wp-block-columns-is-layout-flex\">\n<div class=\"wp-block-column is-layout-flow wp-block-column-is-layout-flow\" style=\"flex-basis:46%\">\n<h4 class=\"wp-block-heading\">How do we use these data?<\/h4>\n\n\n\n<p>We collect these data so that we can answer your requests , process, manage and follow your orders.<\/p>\n\n\n\n<p><strong>Marketing<\/strong>: we also collect these data to prospect you on special offers or training-products or services we think you might like.<\/p>\n<\/div>\n\n\n\n<div class=\"wp-block-column is-layout-flow wp-block-column-is-layout-flow\" style=\"flex-basis:54%\">\n<h4 class=\"wp-block-heading\"><em><span class=\"has-inline-color has-vivid-cyan-blue-color\"><em>Comment utilisons-nous ces donn\u00e9es ?<\/em><\/span><\/em><\/h4>\n\n\n\n<p><em><span class=\"has-inline-color has-vivid-cyan-blue-color\">Nous collectons ces donn\u00e9es afin de pouvoir r\u00e9pondre \u00e0 vos demandes, traiter, g\u00e9rer et effectuer le suivi de vos commandes.<\/span><\/em><\/p>\n\n\n\n<p><em><span class=\"has-inline-color has-vivid-cyan-blue-color\"><strong>Marketing:<\/strong> nous collectons \u00e9galement ces donn\u00e9es afin de vous prospecter pour des offres sp\u00e9ciales ou produits de formation ou services qui pourraient vous int\u00e9resser.<\/span><\/em><\/p>\n<\/div>\n<\/div>\n\n\n\n<div class=\"wp-block-columns alignwide is-layout-flex wp-container-core-columns-is-layout-9d6595d7 wp-block-columns-is-layout-flex\">\n<div class=\"wp-block-column is-layout-flow wp-block-column-is-layout-flow\" style=\"flex-basis:46%\">\n<h4 class=\"wp-block-heading\">How and How Long do we store these data?<\/h4>\n\n\n\n<p>We keep your data in a digital file, secured. These data will be definitively deleted after a period of 3 years after which you have not responded to any of our requests.<\/p>\n<\/div>\n\n\n\n<div class=\"wp-block-column is-layout-flow wp-block-column-is-layout-flow\" style=\"flex-basis:54%\">\n<h4 class=\"wp-block-heading\"><em><span class=\"has-inline-color has-vivid-cyan-blue-color\"><em>Comment et Combien de Temps gardons-nous ces donn\u00e9es ?<\/em><\/span><\/em><\/h4>\n\n\n\n<p><em><span class=\"has-inline-color has-vivid-cyan-blue-color\">Nous conservons vos donn\u00e9es dans un fichier informatique, s\u00e9curis\u00e9. Ces donn\u00e9es seront d\u00e9finitivement supprim\u00e9es apr\u00e8s une p\u00e9riode de 3 ans \u00e0 l&#8217;issue de laquelle vous n&#8217;aurez r\u00e9pondu \u00e0 aucune de nos sollicitations.<\/span><\/em><\/p>\n<\/div>\n<\/div>\n\n\n\n<div class=\"wp-block-columns alignwide is-layout-flex wp-container-core-columns-is-layout-9d6595d7 wp-block-columns-is-layout-flex\">\n<div class=\"wp-block-column is-layout-flow wp-block-column-is-layout-flow\">\n<h4 class=\"wp-block-heading\">Google ReCaptcha<\/h4>\n\n\n\n<p>IntAIRactions uses ReCaptcha on the Contact Form of this site, only to combat abuse and unsolicited emails.<\/p>\n<\/div>\n\n\n\n<div class=\"wp-block-column is-layout-flow wp-block-column-is-layout-flow\" style=\"flex-basis:54%\">\n<h4 class=\"wp-block-heading\"><em><span class=\"has-inline-color has-vivid-cyan-blue-color\"><em><em>Google ReCaptcha<\/em><\/em><\/span><\/em><\/h4>\n\n\n\n<p><em><span class=\"has-inline-color has-vivid-cyan-blue-color\"><em>IntAIRactions utilise ReCaptcha sur le Formulaire Contact du Site, uniquement pour lutter contre les abus et les emails non sollicit\u00e9s.<\/em><\/span><\/em><\/p>\n<\/div>\n<\/div>\n\n\n\n<div class=\"wp-block-columns alignwide is-layout-flex wp-container-core-columns-is-layout-9d6595d7 wp-block-columns-is-layout-flex\">\n<div class=\"wp-block-column is-layout-flow wp-block-column-is-layout-flow\" style=\"flex-basis:48%\">\n<h4 class=\"wp-block-heading\"><strong>What are your data protection rights<\/strong>?<\/h4>\n\n\n\n<p>IntAIRactions would like to make sure you are fully aware of all of your data protection rights. <\/p>\n\n\n\n<p>Every user is entitled to the following:<\/p>\n\n\n\n<p><strong>The right to access<\/strong>&nbsp;\u2013 You have the right to request IntAIRactions for copies of your personal data. <\/p>\n\n\n\n<p><strong>The right to rectification<\/strong>&nbsp;\u2013 You have the right to request that IntAIRactions corrects any information you believe is inaccurate and to complete the information you believe is incomplete.<\/p>\n\n\n\n<p><strong>The right to erasure<\/strong>&nbsp;\u2013 You have the right to request that IntAIRactions erases your personal data, under certain conditions.<\/p>\n\n\n\n<p><strong>The right to restrict processing<\/strong>&nbsp;\u2013 You have the right to request that IntAIRactions restricts the processing of your personal data, under certain conditions.<\/p>\n\n\n\n<p><strong>The right to object to processing<\/strong>&nbsp;\u2013 You have the right to object to the processing of your personal data by IntAIRactions, under certain conditions.<\/p>\n\n\n\n<p><strong>The right to data portability<\/strong>&nbsp;\u2013 You have the right to request that IntAIRactions directly transfers to you the data we have collected, under certain conditions.<\/p>\n\n\n\n<p class=\"has-small-font-size\"><span style=\"background-color:rgba(0, 0, 0, 0)\" class=\"has-inline-color has-very-dark-gray-color\">For more information on you rights, please refer to <a href=\"https:\/\/ec.europa.eu\/info\/aid-development-cooperation-fundamental-rights\/your-rights-eu\/know-your-rights\/freedoms\/protection-personal-data_en\" target=\"_blank\" rel=\"noreferrer noopener\">https:\/\/ec.europa.eu\/info\/aid-development-cooperation-fundamental-rights\/your-rights-eu\/know-your-rights\/freedoms\/protection-personal-data_en<\/a><\/span><\/p>\n\n\n\n<p>If you make a request, we have <strong>one month<\/strong> to respond to you. <\/p>\n\n\n\n<p class=\"has-light-green-cyan-background-color has-background\">If you would like to exercise any of the rights mentionned hereabove:<\/p>\n\n\n\n<p class=\"has-very-light-gray-background-color has-background\">Send us a letter with copy of your ID card at : <strong><strong>IntAIRactions \/ 2 Rue de L&#8217;Olivi\u00e8re 17450 Fouras \/ France<\/strong><\/strong><\/p>\n\n\n\n<p class=\"has-very-light-gray-background-color has-background\">Or an email with copy of your ID card to: <a href=\"mailto:l.peyrebrune@intairactions.com\">l.peyrebrune@intairactions.com<\/a><\/p>\n\n\n\n<p><strong>Regarding identity documents:<\/strong> In the event of exercise of the right of access or rectification, the data relating to identity documents will be kept for one year. In the event of the exercise of the right of opposition, this data will be archived for three years.<\/p>\n\n\n\n<p class=\"has-very-light-gray-background-color has-background\"><strong>Marketing<\/strong> : You have the right at any time to stop IntAIRactions from contacting you for marketing purposes; in this case, please contact us at : <a href=\"mailto:l.peyrebrune@intairactions.com\">l.peyrebrune@intairactions.com<\/a><\/p>\n\n\n\n<h4 class=\"wp-block-heading\">Make a complaint at national level<\/h4>\n\n\n\n<p class=\"has-background\" style=\"background-color:#c9ced3\"> If you consider, after having contacted us, that your rights \u201cData-processing and Freedoms\u201d are not respected, you can send a complaint to: <a href=\"https:\/\/ec.europa.eu\/info\/about-european-commission\/contact\/problems-and-complaints\/complaints-about-breaches-eu-law\/how-make-complaint-national-level-0_en\" target=\"_blank\" rel=\"noreferrer noopener\">https:\/\/ec.europa.eu\/info\/about-european-commission\/contact\/problems-and-complaints\/complaints-about-breaches-eu-law\/how-make-complaint-national-level-0_en<\/a><\/p>\n<\/div>\n\n\n\n<div class=\"wp-block-column is-layout-flow wp-block-column-is-layout-flow\" style=\"flex-basis:52.5%\">\n<h4 class=\"wp-block-heading\"><em><span class=\"has-inline-color has-vivid-cyan-blue-color\"><em>Quels sont vos droits sur la protection de donn\u00e9es ?<\/em><\/span><\/em><\/h4>\n\n\n\n<p><em><span class=\"has-inline-color has-vivid-cyan-blue-color\">IntAIRactions souhaite s&#8217;assurer que vous \u00eates pleinement conscient de tous vos droits en mati\u00e8re de protection des donn\u00e9es. <\/span><\/em><\/p>\n\n\n\n<p><em><span class=\"has-inline-color has-vivid-cyan-blue-color\">Chaque utilisateur a droit \u00e0 ce que suit:<\/span><\/em><\/p>\n\n\n\n<p><em><span class=\"has-inline-color has-vivid-cyan-blue-color\"><strong>Le droit d&#8217;acc\u00e8s &#8211; <\/strong>Vous avez le droit de demander \u00e0 IntAIRactions des copies de vos donn\u00e9es personnelles. <\/span><\/em><\/p>\n\n\n\n<p><strong><span class=\"has-inline-color has-vivid-cyan-blue-color\"><em><strong>Le droit de rectification &#8211; <\/strong><\/em><\/span><\/strong><span class=\"has-inline-color has-vivid-cyan-blue-color\"><em>Vous avez le droit de demander \u00e0 IntAIRactions de corriger toute information que vous jugez inexacte et de compl\u00e9ter les informations que vous jugez incompl\u00e8tes.<\/em><\/span><\/p>\n\n\n\n<p><span style=\"background-color:rgba(0, 0, 0, 0)\" class=\"has-inline-color has-vivid-cyan-blue-color\"><em><strong><strong>Le droit \u00e0 l&#8217;effacement &#8211; <\/strong><\/strong>Vous avez le droit de demander \u00e0 IntAIRactions d&#8217;effacer vos donn\u00e9es personnelles, sous certaines conditions<\/em><\/span>.<\/p>\n\n\n\n<p><em><span class=\"has-inline-color has-vivid-cyan-blue-color\"><strong><strong>Le droit de restreindre le traitement &#8211; <\/strong><\/strong>Vous avez le droit de demander \u00e0 IntAIRactions de restreindre le traitement de vos donn\u00e9es personnelles, sous certaines conditions<\/span><\/em>.<\/p>\n\n\n\n<p><em><span class=\"has-inline-color has-vivid-cyan-blue-color\"><strong><strong>Le droit de vous opposer au traitement &#8211; <\/strong><\/strong>Vous avez le droit de vous opposer au traitement de vos donn\u00e9es personnelles <em>par IntAIRactions<\/em>, sous certaines conditions<\/span><\/em>.<\/p>\n\n\n\n<p><em><span class=\"has-inline-color has-vivid-cyan-blue-color\"><strong><strong>Le droit \u00e0 la portabilit\u00e9 des donn\u00e9es &#8211; <\/strong><\/strong>Vous avez le droit de demander \u00e0 IntAIRactions de vous transf\u00e9rer directement les donn\u00e9es collect\u00e9es, sous certaines conditions<\/span>.<\/em><\/p>\n\n\n\n<p class=\"has-small-font-size\"><em><span class=\"has-inline-color has-vivid-cyan-blue-color\">Pour plus d\u2019informations sur vos droits, r\u00e9f\u00e9rez-vous \u00e0 <a rel=\"noreferrer noopener\" href=\"https:\/\/www.cnil.fr\/fr\/reglement-europeen-protection-donnees\/chapitre3\" target=\"_blank\">https:\/\/www.cnil.fr\/fr\/reglement-europeen-protection-donnees<\/a><\/span><\/em><\/p>\n\n\n\n<p><em><span class=\"has-inline-color has-vivid-cyan-blue-color\">Si vous faites une demande, nous avons <strong>un mois<\/strong> pour vous r\u00e9pondre. <\/span><\/em><\/p>\n\n\n\n<p class=\"has-very-dark-gray-color has-light-green-cyan-background-color has-text-color has-background\"><em><span class=\"has-inline-color has-vivid-cyan-blue-color\">Si vous souhaitez exercer l&#8217;un des droits mentionn\u00e9s ci-dessus:<\/span><\/em><\/p>\n\n\n\n<p class=\"has-very-light-gray-background-color has-background\"><em><span style=\"background-color:rgba(0, 0, 0, 0)\" class=\"has-inline-color has-vivid-cyan-blue-color\">Envoyez-nous un courrier postal avec copie de votre carte d&#8217;identit\u00e9 \u00e0 : <strong>IntAIRactions  \/ 2 Rue de L&#8217;Olivi\u00e8re 17450 Fouras \/ France<\/strong><\/span><\/em><\/p>\n\n\n\n<p class=\"has-very-light-gray-background-color has-background\"><em><span class=\"has-inline-color has-vivid-cyan-blue-color\">Ou un email <em>avec copie de votre carte d&#8217;identit\u00e9<\/em> \u00e0 :<\/span><\/em> <a rel=\"noreferrer noopener\" href=\"mailto:l.peyrebrune@intairactions.com\" target=\"_blank\">l.peyrebrune@intairactions.com<\/a><\/p>\n\n\n\n<p><em><span class=\"has-inline-color has-vivid-cyan-blue-color\"><strong>Concernant les pi\u00e8ces d\u2019identit\u00e9<\/strong>&nbsp;: En cas d&#8217;exercice du droit d&#8217;acc\u00e8s ou de rectification, les donn\u00e9es relatives aux pi\u00e8ces d&#8217;identit\u00e9 seront conserv\u00e9es pendant un an. En cas d&#8217;exercice du droit d&#8217;opposition, ces donn\u00e9es seront archiv\u00e9es pendant trois ans.<\/span><\/em><\/p>\n\n\n\n<p class=\"has-very-light-gray-background-color has-background\"><em><span class=\"has-inline-color has-vivid-cyan-blue-color\"><strong>Marketing :<\/strong> Vous avez le droit \u00e0 tout moment d&#8217;emp\u00eacher IntAIRactions de vous contacter \u00e0 des fins de marketing; en ce cas, veuillez nous contacter \u00e0 : <a href=\"mailto:l.peyrebrune@intairactions.com\">l.peyrebrune@intairactions.com<\/a><\/span><\/em><\/p>\n\n\n\n<h4 class=\"wp-block-heading\"><em><span class=\"has-inline-color has-vivid-cyan-blue-color\"><em>R\u00e9clamation aupr\u00e8s d&#8217;une autorit\u00e9 nationale de contr\u00f4le<\/em><\/span><\/em> :<\/h4>\n\n\n\n<p class=\"has-background\" style=\"background-color:#c9ced3\"><em><span class=\"has-inline-color has-vivid-cyan-blue-color\"><em>Si vous estimez, apr\u00e8s nous avoir contact\u00e9s, que vos droits \u00ab&nbsp;Informatique et Libert\u00e9s&nbsp;\u00bb ne sont pas respect\u00e9s, vous pouvez adresser une r\u00e9clamation \u00e0 la CNIL \u00e0 : <\/em><a href=\"https:\/\/www.cnil.fr\/fr\/plaintes\" target=\"_blank\" rel=\"noreferrer noopener\">https:\/\/www.cnil.fr\/fr\/plaintes<\/a>.<\/span><\/em><\/p>\n<\/div>\n<\/div>\n\n\n\n<div class=\"wp-block-columns alignwide is-layout-flex wp-container-core-columns-is-layout-9d6595d7 wp-block-columns-is-layout-flex\">\n<div class=\"wp-block-column is-layout-flow wp-block-column-is-layout-flow\">\n<h4 class=\"wp-block-heading\">Data breach :<\/h4>\n\n\n\n<p>If IntAIRactions would accidentally or intentionally suffer a breach of personal data, i.e. a breach of data security, in other words destruction, loss, alteration or unauthorized disclosure of data; IntAIRactions commits to inform the person concerned as soon as possible and to report this violation to the CNIL within 72 hours if it is likely to pose a risk to the rights and freedoms of individuals.<\/p>\n<\/div>\n\n\n\n<div class=\"wp-block-column is-layout-flow wp-block-column-is-layout-flow\" style=\"flex-basis:54%\">\n<h4 class=\"wp-block-heading\"><em><span class=\"has-inline-color has-vivid-cyan-blue-color\"><em>Violation de donn\u00e9es :<\/em><\/span><\/em><\/h4>\n\n\n\n<p><em><span class=\"has-inline-color has-vivid-cyan-blue-color\">Si<\/span><\/em> <em><span class=\"has-inline-color has-vivid-cyan-blue-color\">IntAIRactions subissait de mani\u00e8re accidentelle ou malintentionn\u00e9e, une violation de donn\u00e9es personnelles, c\u2019est \u00e0 dire une atteinte \u00e0 la s\u00e9curit\u00e9 des donn\u00e9es, autrement dit la destruction, la perte, l&#8217;alt\u00e9ration ou la divulgation non autoris\u00e9e de donn\u00e9es; IntAIRactions s&#8217;engage \u00e0 informer la personne concern\u00e9e dans les plus brefs d\u00e9lais et \u00e0 signaler cette violation \u00e0 la CNIL dans les&nbsp;72 heures&nbsp;si celle-ci est susceptible de repr\u00e9senter un risque pour les droits et libert\u00e9s des personnes.<\/span><\/em><\/p>\n<\/div>\n<\/div>\n\n\n\n<div class=\"wp-block-columns alignwide is-layout-flex wp-container-core-columns-is-layout-9d6595d7 wp-block-columns-is-layout-flex\">\n<div class=\"wp-block-column is-layout-flow wp-block-column-is-layout-flow\">\n<h4 class=\"wp-block-heading\">Link to other websites:<\/h4>\n\n\n\n<p>This site also contains links to other websites; please be aware that we are not responsible for the privacy practices of those sites, therefore, we suggest you to read carefully their own privacy policies.<\/p>\n<\/div>\n\n\n\n<div class=\"wp-block-column is-layout-flow wp-block-column-is-layout-flow\" style=\"flex-basis:54%\">\n<h4 class=\"wp-block-heading\"><em><span class=\"has-inline-color has-vivid-cyan-blue-color\"><em><em>Liens vers d&#8217;autres sites :<\/em><\/em><\/span><\/em><\/h4>\n\n\n\n<p><em><span class=\"has-inline-color has-vivid-cyan-blue-color\"><em>Ce site contient \u00e9galement des liens vers d&#8217;autres sites; sachez que nous ne sommes pas responsables des pratiques de confidentialit\u00e9 de ces sites, par cons\u00e9quent, nous vous sugg\u00e9rons de lire attentivement leurs propres politiques de confidentialit\u00e9.<\/em><\/span><\/em><\/p>\n<\/div>\n<\/div>\n\n\n\n<div class=\"wp-block-group alignwide\"><div class=\"wp-block-group__inner-container is-layout-flow wp-block-group-is-layout-flow\">\n<div class=\"wp-block-columns has-very-dark-gray-color has-text-color has-background is-layout-flex wp-container-core-columns-is-layout-9d6595d7 wp-block-columns-is-layout-flex\" style=\"background-color:#87dbe9\">\n<div class=\"wp-block-column is-layout-flow wp-block-column-is-layout-flow\">\n<h4 class=\"wp-block-heading\">Cookies<\/h4>\n\n\n\n<p class=\"has-very-dark-gray-color has-text-color\"><a rel=\"noreferrer noopener\" href=\"http:\/\/intairactions.com\/index.php\/cookies\/\" target=\"_blank\">For more information on cookies from our website, <strong>please refer to our COOKIES page.<\/strong><\/a><\/p>\n<\/div>\n\n\n\n<div class=\"wp-block-column is-layout-flow wp-block-column-is-layout-flow\" style=\"flex-basis:53%\">\n<h4 class=\"wp-block-heading\"><em><span class=\"has-inline-color has-vivid-cyan-blue-color\"><em>Traceurs<\/em><\/span><\/em><\/h4>\n\n\n\n<p class=\"has-vivid-cyan-blue-color has-text-color\"><em><span class=\"has-inline-color has-vivid-cyan-blue-color\"><a rel=\"noreferrer noopener\" href=\"http:\/\/intairactions.com\/index.php\/cookies\/\" target=\"_blank\">Pour plus d&#8217;informations sur les traceurs de notre site, <strong>veuillez vous r\u00e9f\u00e9rer \u00e0 notre page &#8220;COOKIES&#8221;<\/strong><\/a><\/span><\/em><\/p>\n<\/div>\n<\/div>\n<\/div><\/div>\n\n\n\n<p><\/p>\n","protected":false},"excerpt":{"rendered":"<p>This privacy policy describes how IntAIRactions collects and uses your personal data when you use this website. Cette politique de confidentialit\u00e9 d\u00e9crit comment IntAIRactions collecte et utilise vos donn\u00e9es personnelles lorsque vous utilisez ce site. Who we are&nbsp;? Our website<\/p>\n","protected":false},"author":1,"featured_media":0,"parent":0,"menu_order":0,"comment_status":"closed","ping_status":"closed","template":"","meta":{"footnotes":""},"class_list":["post-550","page","type-page","status-publish","hentry","","tg-column-two"],"_links":{"self":[{"href":"https:\/\/intairactions.com\/index.php\/wp-json\/wp\/v2\/pages\/550","targetHints":{"allow":["GET"]}}],"collection":[{"href":"https:\/\/intairactions.com\/index.php\/wp-json\/wp\/v2\/pages"}],"about":[{"href":"https:\/\/intairactions.com\/index.php\/wp-json\/wp\/v2\/types\/page"}],"author":[{"embeddable":true,"href":"https:\/\/intairactions.com\/index.php\/wp-json\/wp\/v2\/users\/1"}],"replies":[{"embeddable":true,"href":"https:\/\/intairactions.com\/index.php\/wp-json\/wp\/v2\/comments?post=550"}],"version-history":[{"count":123,"href":"https:\/\/intairactions.com\/index.php\/wp-json\/wp\/v2\/pages\/550\/revisions"}],"predecessor-version":[{"id":1560,"href":"https:\/\/intairactions.com\/index.php\/wp-json\/wp\/v2\/pages\/550\/revisions\/1560"}],"wp:attachment":[{"href":"https:\/\/intairactions.com\/index.php\/wp-json\/wp\/v2\/media?parent=550"}],"curies":[{"name":"wp","href":"https:\/\/api.w.org\/{rel}","templated":true}]}}