{"id":628,"date":"2020-04-13T13:52:40","date_gmt":"2020-04-13T11:52:40","guid":{"rendered":"http:\/\/intairactions.com\/?page_id=628"},"modified":"2020-05-18T12:40:13","modified_gmt":"2020-05-18T10:40:13","slug":"training-2","status":"publish","type":"page","link":"https:\/\/intairactions.com\/index.php\/training-2\/","title":{"rendered":"Consulting \/ Services"},"content":{"rendered":"\n<div class=\"wp-block-group alignfull is-layout-flow wp-block-group-is-layout-flow\"><div class=\"wp-block-group__inner-container\"><\/div><\/div>\n\n\n\n<div class=\"wp-block-columns alignwide is-layout-flex wp-container-core-columns-is-layout-9d6595d7 wp-block-columns-is-layout-flex\">\n<div class=\"wp-block-column is-vertically-aligned-center is-layout-flow wp-block-column-is-layout-flow\" style=\"flex-basis:33.33%\">\n<div class=\"wp-block-image is-style-rounded\"><figure class=\"alignleft size-large\"><img loading=\"lazy\" decoding=\"async\" width=\"399\" height=\"340\" src=\"https:\/\/intairactions.com\/wp-content\/uploads\/2020\/04\/airplane-paper.png\" alt=\"\" class=\"wp-image-762\" srcset=\"https:\/\/intairactions.com\/wp-content\/uploads\/2020\/04\/airplane-paper.png 399w, https:\/\/intairactions.com\/wp-content\/uploads\/2020\/04\/airplane-paper-300x256.png 300w\" sizes=\"auto, (max-width: 399px) 100vw, 399px\" \/><\/figure><\/div>\n\n\n\n<p><\/p>\n<\/div>\n\n\n\n<div class=\"wp-block-column is-layout-flow wp-block-column-is-layout-flow\" style=\"flex-basis:50%\">\n<p style=\"font-size:19px\"> <strong><strong>Implementation of EASA Part 147 Maintenance Training Organisations<\/strong><\/strong><\/p>\n\n\n\n<ul class=\"wp-block-list\"><li>Solutions &amp; Counsels dedicated to Maintenance Training Center Projects (EU or Foreign)<\/li><li>Facilitation for efficient implementation of EASA P147 MTO requirements<\/li><\/ul>\n\n\n\n<p style=\"font-size:19px\"><strong><em><span class=\"has-inline-color has-vivid-cyan-blue-color\"> <strong><em>Mise en place d&#8217;Organismes de Formation \u00e0 la Maintenance EASA Part 147<\/em><\/strong><\/span><\/em><\/strong><\/p>\n\n\n\n<ul class=\"wp-block-list\"><li><em><span class=\"has-inline-color has-vivid-cyan-blue-color\">S<em>olutions &amp; Conseils d\u00e9di\u00e9s aux projets de Centre de Formation \u00e0 la Maintenance<\/em><\/span><\/em><\/li><li><em><span class=\"has-inline-color has-vivid-cyan-blue-color\"><em>Facilitation \u00e0 la mise en place des exigences techniques d&#8217;un MTO EASA Part 147<\/em><\/span><\/em><\/li><\/ul>\n\n\n\n<p><\/p>\n<\/div>\n<\/div>\n\n\n\n<div class=\"wp-block-columns alignfull has-background has-very-light-gray-background-color is-layout-flex wp-container-core-columns-is-layout-9d6595d7 wp-block-columns-is-layout-flex\">\n<div class=\"wp-block-column is-vertically-aligned-center is-layout-flow wp-block-column-is-layout-flow\" style=\"flex-basis:33.34%\"><\/div>\n\n\n\n<div class=\"wp-block-column is-vertically-aligned-center is-layout-flow wp-block-column-is-layout-flow\" style=\"flex-basis:50%\">\n<p style=\"font-size:19px\"><strong>Examinations<\/strong> <strong>on<\/strong> <strong>EASA Part 66 MODULES<\/strong><\/p>\n\n\n\n<div class=\"wp-block-image is-style-rounded\"><figure class=\"alignright size-large is-resized\"><img loading=\"lazy\" decoding=\"async\" src=\"https:\/\/intairactions.com\/wp-content\/uploads\/2020\/05\/modules-370x176-1.jpg\" alt=\"\" class=\"wp-image-1385\" width=\"288\" height=\"170\"\/><\/figure><\/div>\n\n\n\n<ul class=\"wp-block-list\"><li>Register to Basic Examinations on MODULES with an EASA approved Organisation<\/li><li>Possibility to register for refresher courses<\/li><li>For B1 and B2 categories<\/li><\/ul>\n\n\n\n<p style=\"font-size:19px\"><em><span class=\"has-inline-color has-vivid-cyan-blue-color\"><strong>Examens<\/strong> <strong>MODULES <em><strong>EASA<\/strong><\/em><\/strong><\/span><\/em> <em><span class=\"has-inline-color has-vivid-cyan-blue-color\"><strong>Part 66<\/strong><\/span><\/em><\/p>\n\n\n\n<ul class=\"wp-block-list\"><li><span class=\"has-inline-color has-vivid-cyan-blue-color\"><em>Enregistrez-vous \u00e0 des Examens sur les MODULES EASA aupr\u00e8s d&#8217;un Organisme <em>agr\u00e9\u00e9<\/em> <\/em><\/span><\/li><li><em><span class=\"has-inline-color has-vivid-cyan-blue-color\">Possibilit\u00e9 de s&#8217;enregistrer \u00e0 des cours de remise \u00e0 niveau<\/span><\/em><\/li><li><span class=\"has-inline-color has-vivid-cyan-blue-color\"><em>Concerne les cat\u00e9gories B1 et B2<\/em><\/span><\/li><\/ul>\n\n\n\n<p><\/p>\n<\/div>\n<\/div>\n\n\n\n<div class=\"wp-block-columns alignwide is-layout-flex wp-container-core-columns-is-layout-9d6595d7 wp-block-columns-is-layout-flex\">\n<div class=\"wp-block-column is-vertically-aligned-center is-layout-flow wp-block-column-is-layout-flow\" style=\"flex-basis:33.33%\">\n<div class=\"wp-block-image is-style-rounded\"><figure class=\"alignleft size-large is-resized\"><img loading=\"lazy\" decoding=\"async\" src=\"https:\/\/intairactions.com\/wp-content\/uploads\/2020\/05\/help-icon-340x340-1.jpg\" alt=\"\" class=\"wp-image-1390\" width=\"246\" height=\"246\" srcset=\"https:\/\/intairactions.com\/wp-content\/uploads\/2020\/05\/help-icon-340x340-1.jpg 340w, https:\/\/intairactions.com\/wp-content\/uploads\/2020\/05\/help-icon-340x340-1-150x150.jpg 150w, https:\/\/intairactions.com\/wp-content\/uploads\/2020\/05\/help-icon-340x340-1-100x100.jpg 100w, https:\/\/intairactions.com\/wp-content\/uploads\/2020\/05\/help-icon-340x340-1-300x300.jpg 300w, https:\/\/intairactions.com\/wp-content\/uploads\/2020\/05\/help-icon-340x340-1-270x270.jpg 270w, https:\/\/intairactions.com\/wp-content\/uploads\/2020\/05\/help-icon-340x340-1-230x230.jpg 230w, https:\/\/intairactions.com\/wp-content\/uploads\/2020\/05\/help-icon-340x340-1-45x45.jpg 45w\" sizes=\"auto, (max-width: 246px) 100vw, 246px\" \/><\/figure><\/div>\n<\/div>\n\n\n\n<div class=\"wp-block-column is-layout-flow wp-block-column-is-layout-flow\" style=\"flex-basis:50%\">\n<p style=\"font-size:19px\"><strong> EASA<\/strong> <strong>Part 66 licenses<\/strong><\/p>\n\n\n\n<ul class=\"wp-block-list\"><li>Solutions &amp; Counsels dedicated to Aircraft Maintenance Technicians  <\/li><\/ul>\n\n\n\n<p style=\"font-size:19px\"><strong><em><span class=\"has-inline-color has-vivid-cyan-blue-color\"> Licences EASA Part 66<\/span><\/em><\/strong><\/p>\n\n\n\n<ul class=\"wp-block-list\"><li><em><span class=\"has-inline-color has-vivid-cyan-blue-color\">Solutions &amp; Conseils d\u00e9di\u00e9s aux Techniciens de Maintenance A\u00e9ronautique  <\/span><\/em><\/li><\/ul>\n\n\n\n<p><\/p>\n<\/div>\n<\/div>\n\n\n\n<div class=\"wp-block-columns alignfull has-background has-very-light-gray-background-color is-layout-flex wp-container-core-columns-is-layout-9d6595d7 wp-block-columns-is-layout-flex\">\n<div class=\"wp-block-column is-vertically-aligned-center is-layout-flow wp-block-column-is-layout-flow\" style=\"flex-basis:33.34%\"><\/div>\n\n\n\n<div class=\"wp-block-column is-vertically-aligned-center is-layout-flow wp-block-column-is-layout-flow\" style=\"flex-basis:50%\">\n<div class=\"wp-block-image is-style-rounded\"><figure class=\"alignright size-large is-resized\"><img loading=\"lazy\" decoding=\"async\" src=\"https:\/\/intairactions.com\/wp-content\/uploads\/2020\/05\/translation-637x340-1.jpg\" alt=\"\" class=\"wp-image-1412\" width=\"264\" height=\"150\"\/><\/figure><\/div>\n\n\n\n<p style=\"font-size:19px\"><strong><strong>Translation Services<\/strong><\/strong><\/p>\n\n\n\n<ul class=\"wp-block-list\"><li>Technical documents translated from French to English, or English to French<\/li><\/ul>\n\n\n\n<p style=\"font-size:19px\"><em><span class=\"has-inline-color has-vivid-cyan-blue-color\"><strong><em><strong>Services de Traduction<\/strong><\/em><\/strong><\/span><\/em><\/p>\n\n\n\n<ul class=\"wp-block-list\"><li><span class=\"has-inline-color has-vivid-cyan-blue-color\"><em><em>Documents techniques traduits du Fran\u00e7ais vers l&#8217;Anglais, ou de l&#8217;Anglais vers le Fran\u00e7ais<\/em><\/em><\/span><\/li><\/ul>\n\n\n\n<p><\/p>\n<\/div>\n<\/div>\n\n\n\n<div class=\"wp-block-group alignwide\"><div class=\"wp-block-group__inner-container is-layout-flow wp-block-group-is-layout-flow\">\n<div class=\"wp-block-group alignwide is-layout-flow wp-block-group-is-layout-flow\"><div class=\"wp-block-group__inner-container\"><\/div><\/div>\n<\/div><\/div>\n\n\n\n<div class=\"wp-block-columns alignwide is-layout-flex wp-container-core-columns-is-layout-9d6595d7 wp-block-columns-is-layout-flex\">\n<div class=\"wp-block-column is-vertically-aligned-center is-layout-flow wp-block-column-is-layout-flow\" style=\"flex-basis:33.33%\">\n<div class=\"wp-block-image is-style-rounded\"><figure class=\"alignleft size-large is-resized\"><img loading=\"lazy\" decoding=\"async\" src=\"https:\/\/intairactions.com\/wp-content\/uploads\/2020\/05\/transformation-510x340-1.jpg\" alt=\"\" class=\"wp-image-1405\" width=\"383\" height=\"255\" srcset=\"https:\/\/intairactions.com\/wp-content\/uploads\/2020\/05\/transformation-510x340-1.jpg 510w, https:\/\/intairactions.com\/wp-content\/uploads\/2020\/05\/transformation-510x340-1-300x200.jpg 300w\" sizes=\"auto, (max-width: 383px) 100vw, 383px\" \/><\/figure><\/div>\n<\/div>\n\n\n\n<div class=\"wp-block-column is-layout-flow wp-block-column-is-layout-flow\" style=\"flex-basis:50%\">\n<p style=\"font-size:19px\"> <strong>Educational Engineering<\/strong><\/p>\n\n\n\n<ul class=\"wp-block-list\"><li>Definition and Design of Specific programs and Didactic contents<\/li><\/ul>\n\n\n\n<p style=\"font-size:19px\"><strong><em><span class=\"has-inline-color has-vivid-cyan-blue-color\"> Ing\u00e9nierie P\u00e9dagogique<\/span><\/em><\/strong><\/p>\n\n\n\n<ul class=\"wp-block-list\"><li><em><span class=\"has-inline-color has-vivid-cyan-blue-color\">D\u00e9finition et Conception de Programmes <em>sp\u00e9cifiques<\/em> et de Contenus didactiques <\/span><\/em><\/li><\/ul>\n<\/div>\n<\/div>\n\n\n\n<div class=\"wp-block-image\"><figure class=\"alignright size-large is-resized\"><a href=\"http:\/\/intairactions.com\/index.php\/contact-us\/\"><img loading=\"lazy\" decoding=\"async\" src=\"http:\/\/intairactions.com\/wp-content\/uploads\/2020\/04\/customer-service.png\" alt=\"\" class=\"wp-image-561\" width=\"86\" height=\"86\" srcset=\"https:\/\/intairactions.com\/wp-content\/uploads\/2020\/04\/customer-service.png 512w, https:\/\/intairactions.com\/wp-content\/uploads\/2020\/04\/customer-service-150x150.png 150w, https:\/\/intairactions.com\/wp-content\/uploads\/2020\/04\/customer-service-100x100.png 100w, https:\/\/intairactions.com\/wp-content\/uploads\/2020\/04\/customer-service-300x300.png 300w, https:\/\/intairactions.com\/wp-content\/uploads\/2020\/04\/customer-service-270x270.png 270w, https:\/\/intairactions.com\/wp-content\/uploads\/2020\/04\/customer-service-230x230.png 230w, https:\/\/intairactions.com\/wp-content\/uploads\/2020\/04\/customer-service-45x45.png 45w\" sizes=\"auto, (max-width: 86px) 100vw, 86px\" \/><\/a><figcaption><strong>Contact Us<\/strong><\/figcaption><\/figure><\/div>\n\n\n\n<div class=\"wp-block-group is-layout-flow wp-block-group-is-layout-flow\"><div class=\"wp-block-group__inner-container\"><\/div><\/div>\n\n\n\n<p><\/p>\n","protected":false},"excerpt":{"rendered":"<p>Implementation of EASA Part 147 Maintenance Training Organisations Solutions &amp; Counsels dedicated to Maintenance Training Center Projects (EU or Foreign) Facilitation for efficient implementation of EASA P147 MTO requirements Mise en place d&#8217;Organismes de Formation \u00e0 la Maintenance EASA Part<\/p>\n","protected":false},"author":1,"featured_media":0,"parent":0,"menu_order":0,"comment_status":"closed","ping_status":"closed","template":"","meta":{"footnotes":""},"class_list":["post-628","page","type-page","status-publish","hentry","","tg-column-two"],"_links":{"self":[{"href":"https:\/\/intairactions.com\/index.php\/wp-json\/wp\/v2\/pages\/628","targetHints":{"allow":["GET"]}}],"collection":[{"href":"https:\/\/intairactions.com\/index.php\/wp-json\/wp\/v2\/pages"}],"about":[{"href":"https:\/\/intairactions.com\/index.php\/wp-json\/wp\/v2\/types\/page"}],"author":[{"embeddable":true,"href":"https:\/\/intairactions.com\/index.php\/wp-json\/wp\/v2\/users\/1"}],"replies":[{"embeddable":true,"href":"https:\/\/intairactions.com\/index.php\/wp-json\/wp\/v2\/comments?post=628"}],"version-history":[{"count":70,"href":"https:\/\/intairactions.com\/index.php\/wp-json\/wp\/v2\/pages\/628\/revisions"}],"predecessor-version":[{"id":1455,"href":"https:\/\/intairactions.com\/index.php\/wp-json\/wp\/v2\/pages\/628\/revisions\/1455"}],"wp:attachment":[{"href":"https:\/\/intairactions.com\/index.php\/wp-json\/wp\/v2\/media?parent=628"}],"curies":[{"name":"wp","href":"https:\/\/api.w.org\/{rel}","templated":true}]}}