{"id":1529,"date":"2023-04-12T15:43:47","date_gmt":"2023-04-12T13:43:47","guid":{"rendered":"https:\/\/intairactions.com\/?post_type=product&#038;p=1529"},"modified":"2024-07-30T09:23:22","modified_gmt":"2024-07-30T07:23:22","slug":"human-factors-sms-initial","status":"publish","type":"product","link":"https:\/\/intairactions.com\/index.php\/product\/human-factors-sms-initial\/","title":{"rendered":"Safety Training (Human Factors &#038; SMS ) Initial"},"content":{"rendered":"<table style=\"height: 128px;\" width=\"1011\">\n<tbody>\n<tr>\n<td colspan=\"2\" width=\"1011\"><strong>PUBLIC\u00a0 \u00a0 \u00a0 \u00a0 \u00a0 <\/strong>Personnel in EASA approved Organisations (21\/145\/147\/CAMO\/CAO)<\/td>\n<\/tr>\n<tr>\n<td colspan=\"2\" width=\"1011\"><strong>PRE REQUISITE\u00a0\u00a0\u00a0\u00a0\u00a0\u00a0 <\/strong>None<\/td>\n<\/tr>\n<tr>\n<td colspan=\"2\" width=\"1011\"><strong>DURATION\u00a0\u00a0\u00a0\u00a0\u00a0\u00a0\u00a0\u00a0\u00a0\u00a0\u00a0\u00a0\u00a0\u00a0\u00a0\u00a0\u00a0\u00a0 \u00a0\u00a0\u00a0\u00a0\u00a0\u00a0\u00a0\u00a0\u00a0\u00a0\u00a0 <\/strong>2 days (including HF &amp; SMS) \/ Face-to-face or Remote<\/td>\n<\/tr>\n<tr>\n<td width=\"505\"><strong>Nb of PARTICIPANTS\u00a0 \u00a0<\/strong> 1 mini, up to 8 maxi<\/td>\n<td style=\"text-align: right;\" width=\"505\"><strong>PRICE\u00a0 \u00a0 \u00a0 \u00a0 \u00a0<\/strong>Contact Us<\/td>\n<\/tr>\n<\/tbody>\n<\/table>\n<p>&nbsp;<\/p>\n<table style=\"height: 128px;\" width=\"1017\">\n<tbody>\n<tr>\n<td colspan=\"2\" width=\"1011\"><em><strong>PUBLIC\u00a0 \u00a0 \u00a0 \u00a0 \u00a0 <\/strong>Personnel d&#8217;Organismes agr\u00e9\u00e9s EASA (21\/145\/147\/CAMO\/CAO)<\/em><\/td>\n<\/tr>\n<tr>\n<td colspan=\"2\" width=\"1011\"><em><strong>PRE REQUIS\u00a0 \u00a0 \u00a0 \u00a0 \u00a0 \u00a0 \u00a0 \u00a0 <\/strong>Aucun<\/em><\/td>\n<\/tr>\n<tr>\n<td colspan=\"2\" width=\"1011\"><em><strong>DUREE \u00a0 \u00a0 \u00a0 \u00a0 \u00a0 \u00a0 \u00a0 \u00a0 \u00a0 \u00a0 \u00a0 \u00a0 \u00a0 \u00a0 \u00a0 \u00a0 \u00a0 \u00a0 \u00a0 <\/strong>2 jours (incluant\u00a0 FH &amp; SGS) \/ Pr\u00e9sentiel ou Distanciel<\/em><\/td>\n<\/tr>\n<tr>\n<td width=\"505\"><em><strong>Nb de PARTICIPANTS\u00a0 <\/strong>1 mini, jusqu&#8217;\u00e0 8 maxi<\/em><\/td>\n<td style=\"text-align: right;\" width=\"505\"><em><strong>TARIF\u00a0 \u00a0 \u00a0 \u00a0 \u00a0<\/strong>Nous Contacter<\/em><\/td>\n<\/tr>\n<\/tbody>\n<\/table>\n<p>&nbsp;<\/p>\n","protected":false},"excerpt":{"rendered":"<p>This two-day course allows participants to detail the principles of Safety in an EASA approved organisation. It describes the principles of a Safety Management System, defines the diverse responsibilities\u00a0 within the organisation and includes human factors and human performance in the job place.<\/p>\n<p>&nbsp;<\/p>\n<p><em><strong>Formation \u00e0 la S\u00e9curit\u00e9 (Syst\u00e8me de Gestion de la S\u00e9curit\u00e9 et Facteurs Humains) &#8211; Initial<\/strong><\/em><\/p>\n<p><em>Ce cours de 2 jours va permettre aux participants de d\u00e9tailler les principes de la S\u00e9curit\u00e9 dans un organisme agr\u00e9\u00e9 EASA. Il d\u00e9crit les principes d&#8217;un Syst\u00e8me de Gestion de la s\u00e9curit\u00e9, d\u00e9finit les responsabilit\u00e9s de chacun au sein de l&#8217;organisme et inclus\u00a0\u00a0les facteurs humains et la performance humaine dans le contexte du poste de travail.<\/em><\/p>\n","protected":false},"featured_media":1540,"template":"","meta":[],"product_cat":[36,35],"product_tag":[],"class_list":["post-1529","product","type-product","status-publish","has-post-thumbnail","hentry","product_cat-diverse","product_cat-regulations","","tg-column-two"],"_links":{"self":[{"href":"https:\/\/intairactions.com\/index.php\/wp-json\/wp\/v2\/product\/1529","targetHints":{"allow":["GET"]}}],"collection":[{"href":"https:\/\/intairactions.com\/index.php\/wp-json\/wp\/v2\/product"}],"about":[{"href":"https:\/\/intairactions.com\/index.php\/wp-json\/wp\/v2\/types\/product"}],"wp:featuredmedia":[{"embeddable":true,"href":"https:\/\/intairactions.com\/index.php\/wp-json\/wp\/v2\/media\/1540"}],"wp:attachment":[{"href":"https:\/\/intairactions.com\/index.php\/wp-json\/wp\/v2\/media?parent=1529"}],"wp:term":[{"taxonomy":"product_cat","embeddable":true,"href":"https:\/\/intairactions.com\/index.php\/wp-json\/wp\/v2\/product_cat?post=1529"},{"taxonomy":"product_tag","embeddable":true,"href":"https:\/\/intairactions.com\/index.php\/wp-json\/wp\/v2\/product_tag?post=1529"}],"curies":[{"name":"wp","href":"https:\/\/api.w.org\/{rel}","templated":true}]}}