{"id":1531,"date":"2023-04-12T16:18:45","date_gmt":"2023-04-12T14:18:45","guid":{"rendered":"https:\/\/intairactions.com\/?post_type=product&#038;p=1531"},"modified":"2024-07-30T09:08:42","modified_gmt":"2024-07-30T07:08:42","slug":"easa-part-mml-part-camocao","status":"publish","type":"product","link":"https:\/\/intairactions.com\/index.php\/product\/easa-part-mml-part-camocao\/","title":{"rendered":"EASA  Part M&#038;ML \/ Part CAMO&#038;CAO"},"content":{"rendered":"<table style=\"height: 128px;\" width=\"1011\">\n<tbody>\n<tr>\n<td colspan=\"2\" width=\"1011\"><strong>PUBLIC\u00a0\u00a0\u00a0\u00a0\u00a0\u00a0\u00a0\u00a0\u00a0\u00a0\u00a0 <\/strong>\u00a0 \u00a0 \u00a0 \u00a0 \u00a0 \u00a0 \u00a0All public<\/td>\n<\/tr>\n<tr>\n<td colspan=\"2\" width=\"1011\"><strong>PRE REQUISITE\u00a0\u00a0\u00a0\u00a0\u00a0\u00a0 <\/strong>None<\/td>\n<\/tr>\n<tr>\n<td colspan=\"2\" width=\"1011\"><strong>DURATION\u00a0 \u00a0 \u00a0 \u00a0 \u00a0 \u00a01 day Level 1 or 2 days Level 2 \/ Face-to-face or Remote<\/strong><\/td>\n<\/tr>\n<tr>\n<td width=\"505\"><strong>Nb of PARTICIPANTS\u00a0 \u00a0<\/strong> 1 mini up to 8 maxi<\/td>\n<td style=\"text-align: right;\" width=\"505\"><strong>PRICE\u00a0 \u00a0 \u00a0 \u00a0 \u00a0<\/strong>Contact Us<\/td>\n<\/tr>\n<\/tbody>\n<\/table>\n<p>&nbsp;<\/p>\n<table style=\"height: 128px;\" width=\"1017\">\n<tbody>\n<tr>\n<td colspan=\"2\" width=\"1011\"><em><strong>PUBLIC\u00a0\u00a0\u00a0\u00a0\u00a0\u00a0\u00a0\u00a0\u00a0\u00a0\u00a0 <\/strong>\u00a0 \u00a0 \u00a0 \u00a0 \u00a0 \u00a0 \u00a0 \u00a0Tout public\u00a0<\/em><\/td>\n<\/tr>\n<tr>\n<td colspan=\"2\" width=\"1011\"><em><strong>PRE REQUIS\u00a0 \u00a0 \u00a0 \u00a0 \u00a0 \u00a0 \u00a0 \u00a0 <\/strong>Aucun<\/em><\/td>\n<\/tr>\n<tr>\n<td colspan=\"2\" width=\"1011\"><em><strong>DUREE\u00a0 \u00a0 \u00a0 \u00a0 \u00a0 \u00a0 \u00a01 jour Niveau 1 ou 2 jours Niveau 2 \/ Pr\u00e9sentiel ou Distanciel<\/strong><\/em><\/td>\n<\/tr>\n<tr>\n<td width=\"505\"><em><strong>Nb de PARTICIPANTS\u00a0 \u00a0<\/strong>1 mini , jusqu&#8217;\u00e0 8 maxi<\/em><\/td>\n<td style=\"text-align: right;\" width=\"505\"><em><strong>TARIF\u00a0 \u00a0 \u00a0 \u00a0 \u00a0<\/strong>Nous Contacter<\/em><\/td>\n<\/tr>\n<\/tbody>\n<\/table>\n<p>&nbsp;<\/p>\n<p>&nbsp;<\/p>\n","protected":false},"excerpt":{"rendered":"<p>This course allows participants to acquire\u00a0 knowledge (General : Level 1 or Detailed : Level 2) in EASA regulation Part M\/ML and CAMO\/CAO.<\/p>\n<p>&nbsp;<\/p>\n<p><strong>R\u00e9glementation EASA &#8211; Parties 66 et 147<\/strong><\/p>\n<p><em>Ce cours vise \u00e0 faire acqu\u00e9rir aux participants des connaissances (G\u00e9n\u00e9rales : Niveau 1 ou D\u00e9taill\u00e9es : Niveau 2) EASA Partie M\/ML et Partie CAMO\/CAO.\u00a0<\/em><\/p>\n","protected":false},"featured_media":1532,"template":"","meta":[],"product_cat":[36,35],"product_tag":[],"class_list":["post-1531","product","type-product","status-publish","has-post-thumbnail","hentry","product_cat-diverse","product_cat-regulations","","tg-column-two"],"_links":{"self":[{"href":"https:\/\/intairactions.com\/index.php\/wp-json\/wp\/v2\/product\/1531","targetHints":{"allow":["GET"]}}],"collection":[{"href":"https:\/\/intairactions.com\/index.php\/wp-json\/wp\/v2\/product"}],"about":[{"href":"https:\/\/intairactions.com\/index.php\/wp-json\/wp\/v2\/types\/product"}],"wp:featuredmedia":[{"embeddable":true,"href":"https:\/\/intairactions.com\/index.php\/wp-json\/wp\/v2\/media\/1532"}],"wp:attachment":[{"href":"https:\/\/intairactions.com\/index.php\/wp-json\/wp\/v2\/media?parent=1531"}],"wp:term":[{"taxonomy":"product_cat","embeddable":true,"href":"https:\/\/intairactions.com\/index.php\/wp-json\/wp\/v2\/product_cat?post=1531"},{"taxonomy":"product_tag","embeddable":true,"href":"https:\/\/intairactions.com\/index.php\/wp-json\/wp\/v2\/product_tag?post=1531"}],"curies":[{"name":"wp","href":"https:\/\/api.w.org\/{rel}","templated":true}]}}