{"id":1533,"date":"2023-04-12T17:10:08","date_gmt":"2023-04-12T15:10:08","guid":{"rendered":"https:\/\/intairactions.com\/?post_type=product&#038;p=1533"},"modified":"2023-08-08T09:28:10","modified_gmt":"2023-08-08T07:28:10","slug":"the-team-and-me","status":"publish","type":"product","link":"https:\/\/intairactions.com\/index.php\/product\/the-team-and-me\/","title":{"rendered":"L&#8217;\u00c9quipe &#038; Moi"},"content":{"rendered":"<table style=\"height: 128px;\" width=\"1011\">\n<tbody>\n<tr>\n<td colspan=\"2\" width=\"1011\"><strong>PUBLIC\u00a0\u00a0\u00a0\u00a0\u00a0\u00a0\u00a0\u00a0\u00a0\u00a0\u00a0 <\/strong>\u00a0 \u00a0 \u00a0 \u00a0 \u00a0 \u00a0 \u00a0All public<\/td>\n<\/tr>\n<tr>\n<td colspan=\"2\" width=\"1011\"><strong>PRE REQUISITE\u00a0\u00a0\u00a0\u00a0\u00a0\u00a0\u00a0\u00a0\u00a0\u00a0\u00a0\u00a0\u00a0\u00a0\u00a0\u00a0\u00a0\u00a0\u00a0\u00a0 <\/strong>None<\/td>\n<\/tr>\n<tr>\n<td colspan=\"2\" width=\"1011\"><strong>DURATION\u00a0 \u00a0 \u00a0 \u00a0 \u00a0 \u00a0 \u00a0 \u00a0 \u00a0 \u00a0 \u00a0 \u00a0 \u00a0 \u00a0 \u00a0 \u00a01 to 3 days : <\/strong>1 day Level 1 + Option 2 additionnal days for Level 2<\/td>\n<\/tr>\n<tr>\n<td width=\"505\"><strong>Nb of PARTICIPANTS\u00a0 \u00a0 \u00a0<\/strong>3 mini, up to 6 maxi\u00a0 \u00a0 \u00a0ONLY face-to-face<\/td>\n<td style=\"text-align: right;\" width=\"505\"><strong>PRICE\u00a0 \u00a0 \u00a0 \u00a0 \u00a0<\/strong>Contact Us<\/td>\n<\/tr>\n<\/tbody>\n<\/table>\n<p>&nbsp;<\/p>\n<table style=\"height: 128px;\" width=\"1011\">\n<tbody>\n<tr>\n<td colspan=\"2\" width=\"1011\"><em><strong>PUBLIC\u00a0\u00a0\u00a0\u00a0\u00a0\u00a0\u00a0\u00a0\u00a0\u00a0\u00a0 <\/strong>\u00a0 \u00a0 \u00a0 \u00a0 \u00a0 \u00a0 \u00a0 \u00a0Tout public<\/em><\/td>\n<\/tr>\n<tr>\n<td colspan=\"2\" width=\"1011\"><em><strong>PRE REQUIS\u00a0 \u00a0 \u00a0 \u00a0 \u00a0 \u00a0 \u00a0 \u00a0 \u00a0 \u00a0 \u00a0 \u00a0 \u00a0 \u00a0<\/strong>Aucun<\/em><\/td>\n<\/tr>\n<tr>\n<td colspan=\"2\" width=\"1011\"><em><strong>DUREE\u00a0 \u00a0 \u00a0 \u00a0 \u00a0 \u00a0 \u00a0 \u00a0 \u00a0 \u00a0 \u00a0 \u00a0 \u00a0 \u00a0 \u00a0 \u00a0 \u00a0 \u00a0 \u00a0 \u00a01 \u00e0 3 jours : <\/strong>1 jour Niveau 1 +\u00a0 Option 2 jours suppl\u00e9mentaires for Niveau 2<\/em><\/td>\n<\/tr>\n<tr>\n<td width=\"505\"><em><strong>Nb de PARTICIPANTS\u00a0 \u00a0 <\/strong>3 mini, jusqu&#8217;\u00e0 6 maxi\u00a0 \u00a0Pr\u00e9sentiel seulement<\/em><\/td>\n<td style=\"text-align: right;\" width=\"505\"><em><strong>TARIF\u00a0 \u00a0 \u00a0 \u00a0 \u00a0<\/strong>Nous Contacter<\/em><\/td>\n<\/tr>\n<\/tbody>\n<\/table>\n","protected":false},"excerpt":{"rendered":"<p>This course allows participants to acquire a better understanding of their own personality and to identify the characteristics of others; consequently to be able to deal with these variations in a team. The 1st day gives the essential tools. An intermediate period in the work place &#8211; of 4 to 6 weeks &#8211; \u00a0is necessary for implementation of tools, observation of behaviors\u00a0 and detection of possible issues. The additionnal days 2 &amp; 3 go further with additionnal communication tools and behavior tips in various situations.<\/p>\n<p>&nbsp;<\/p>\n<p><em><strong>L&#8217;\u00e9QUIpe &amp; Moi<\/strong><\/em><\/p>\n<p><em>Ce cours vise \u00e0 faire acqu\u00e9rir aux participants une meilleure connaissance d&#8217;eux m\u00eames et l&#8217;identification d&#8217;autres personnalit\u00e9s; en cons\u00e9quence \u00eatre capable de g\u00e9rer ces diff\u00e9rences dans une \u00e9quipe.\u00a0<\/em><em>Le 1er jour donne les outils indispensables. Une p\u00e9riode interm\u00e9diaire de 4 \u00e0 6 semaines sur le lieu de travail est n\u00e9cessaire pour une mise en \u0153uvre des outils, une observation des comportements et la d\u00e9tection de probl\u00e8mes \u00e9ventuels. Les jours suppl\u00e9mentaires 2 et 3 permettront d&#8217;aller plus loin en apportant d&#8217;autres outils de communication et conseils de comportements dans diff\u00e9rentes situations.<\/em><\/p>\n","protected":false},"featured_media":1537,"template":"","meta":[],"product_cat":[36,33],"product_tag":[],"class_list":["post-1533","product","type-product","status-publish","has-post-thumbnail","hentry","product_cat-diverse","product_cat-pedagogy","","tg-column-two"],"_links":{"self":[{"href":"https:\/\/intairactions.com\/index.php\/wp-json\/wp\/v2\/product\/1533","targetHints":{"allow":["GET"]}}],"collection":[{"href":"https:\/\/intairactions.com\/index.php\/wp-json\/wp\/v2\/product"}],"about":[{"href":"https:\/\/intairactions.com\/index.php\/wp-json\/wp\/v2\/types\/product"}],"wp:featuredmedia":[{"embeddable":true,"href":"https:\/\/intairactions.com\/index.php\/wp-json\/wp\/v2\/media\/1537"}],"wp:attachment":[{"href":"https:\/\/intairactions.com\/index.php\/wp-json\/wp\/v2\/media?parent=1533"}],"wp:term":[{"taxonomy":"product_cat","embeddable":true,"href":"https:\/\/intairactions.com\/index.php\/wp-json\/wp\/v2\/product_cat?post=1533"},{"taxonomy":"product_tag","embeddable":true,"href":"https:\/\/intairactions.com\/index.php\/wp-json\/wp\/v2\/product_tag?post=1533"}],"curies":[{"name":"wp","href":"https:\/\/api.w.org\/{rel}","templated":true}]}}