{"id":155,"date":"2014-04-16T17:29:23","date_gmt":"2014-04-16T17:29:23","guid":{"rendered":"http:\/\/demo.themegrill.com\/spacious-pro\/?post_type=product&#038;p=155"},"modified":"2026-04-28T17:22:13","modified_gmt":"2026-04-28T15:22:13","slug":"practical-assessors-supervisors","status":"publish","type":"product","link":"https:\/\/intairactions.com\/index.php\/product\/practical-assessors-supervisors\/","title":{"rendered":"Examiners -Practical Assessors &#8211; Mentors"},"content":{"rendered":"<table style=\"height: 128px;\" width=\"1011\">\n<tbody>\n<tr>\n<td colspan=\"2\" width=\"1011\"><strong>PUBLIC\u00a0 <\/strong>Examiners, Practical Assessors and Mentors\/ Professionals working in EASA Part-147 and Part-145 organisations<\/td>\n<\/tr>\n<tr>\n<td colspan=\"2\" width=\"1011\"><strong>PRE REQUISITE\u00a0\u00a0\u00a0\u00a0\u00a0\u00a0 <\/strong>Minimum knowledge in the EASA regulations<\/td>\n<\/tr>\n<tr>\n<td colspan=\"2\" width=\"1011\"><strong>DURATION\u00a0 \u00a0 \u00a0 \u00a0 \u00a0 \u00a0 \u00a0 \u00a0 \u00a0 \u00a0 \u00a0 \u00a0 \u00a0 \u00a0 \u00a016 H<\/strong><em>\u00a0 \u00a0 \/ Face-to-face or Remote<\/em><\/td>\n<\/tr>\n<tr>\n<td width=\"505\"><strong>Nb of PARTICIPANTS\u00a0 \u00a0<\/strong> 1 mini, up to\u00a0 6 maxi<\/td>\n<td style=\"text-align: right;\" width=\"505\"><strong>PRICE\u00a0 \u00a0 \u00a0 \u00a0 \u00a0<\/strong>Contact Us<\/td>\n<\/tr>\n<\/tbody>\n<\/table>\n<p>Response within 48 hours, go to &#8216;Contact Us&#8217; page.<\/p>\n<p>D\u00e9lais et modalit\u00e9s acc\u00e8s : R\u00e9ponse sous 48 h , RDV page Contact Us.<\/p>\n<table style=\"height: 128px;\" width=\"1017\">\n<tbody>\n<tr>\n<td colspan=\"2\" width=\"1011\"><em><strong>PUBLIC\u00a0 <\/strong>Examinateurs, Evaluateurs de pratique et Tuteurs\/ Professionnels d&#8217;organismes EASA Part-147 et Part-145\u00a0<\/em><\/td>\n<\/tr>\n<tr>\n<td colspan=\"2\" width=\"1011\"><em><strong>PRE REQUIS\u00a0 \u00a0 \u00a0 \u00a0 \u00a0 \u00a0 \u00a0 \u00a0 <\/strong>Connaissances minium de la r\u00e9glementation EASA<\/em><\/td>\n<\/tr>\n<tr>\n<td colspan=\"2\" width=\"1011\"><em><strong>DUREE\u00a0 \u00a0 \u00a0 \u00a0 \u00a0 \u00a0 \u00a0 \u00a0 \u00a0 \u00a0 \u00a0 \u00a0 \u00a0 \u00a0 \u00a0 \u00a0 \u00a0 \u00a0 \u00a0 \u00a016 H\u00a0 \/ <\/strong>Pr\u00e9sentiel ou Distanciel\u00a0<\/em><\/td>\n<\/tr>\n<tr>\n<td width=\"505\"><em><strong>Nb de PARTICIPANTS\u00a0 \u00a0<\/strong>1 mini , jusqu&#8217;\u00e0 6 maxi)<\/em><\/td>\n<td style=\"text-align: right;\" width=\"505\"><em><strong>TARIF\u00a0 \u00a0 \u00a0 \u00a0 \u00a0<\/strong>Nous Contacter<\/em><\/td>\n<\/tr>\n<\/tbody>\n<\/table>\n<p>&nbsp;<\/p>\n","protected":false},"excerpt":{"rendered":"<p>This 16-hour course allows examiners, assessors and supervisors (mentors) to acquire knowledge and best-practices required to conduct examinations and\/or practical assessments to EASA standards.<\/p>\n<p>&nbsp;<\/p>\n<p><em><b>Examinateurs, \u00c9valuateurs de Pratique et Superviseurs (Tuteurs)<\/b><\/em><\/p>\n<p>Ce cours de 16 heures permet aux examinateurs, \u00e9valuateurs et superviseurs d&#8217;acqu\u00e9rir les connaissances et les meilleures pratiques requises pour conduire des examens et\/ou des \u00e9valuations pratiques selon les normes de l&#8217;EASA .<\/p>\n","protected":false},"featured_media":795,"template":"","meta":[],"product_cat":[33,35],"product_tag":[],"class_list":["post-155","product","type-product","status-publish","has-post-thumbnail","hentry","product_cat-pedagogy","product_cat-regulations","","tg-column-two"],"_links":{"self":[{"href":"https:\/\/intairactions.com\/index.php\/wp-json\/wp\/v2\/product\/155","targetHints":{"allow":["GET"]}}],"collection":[{"href":"https:\/\/intairactions.com\/index.php\/wp-json\/wp\/v2\/product"}],"about":[{"href":"https:\/\/intairactions.com\/index.php\/wp-json\/wp\/v2\/types\/product"}],"wp:featuredmedia":[{"embeddable":true,"href":"https:\/\/intairactions.com\/index.php\/wp-json\/wp\/v2\/media\/795"}],"wp:attachment":[{"href":"https:\/\/intairactions.com\/index.php\/wp-json\/wp\/v2\/media?parent=155"}],"wp:term":[{"taxonomy":"product_cat","embeddable":true,"href":"https:\/\/intairactions.com\/index.php\/wp-json\/wp\/v2\/product_cat?post=155"},{"taxonomy":"product_tag","embeddable":true,"href":"https:\/\/intairactions.com\/index.php\/wp-json\/wp\/v2\/product_tag?post=155"}],"curies":[{"name":"wp","href":"https:\/\/api.w.org\/{rel}","templated":true}]}}