{"id":1567,"date":"2024-07-30T09:20:46","date_gmt":"2024-07-30T07:20:46","guid":{"rendered":"https:\/\/intairactions.com\/?post_type=product&#038;p=1567"},"modified":"2024-07-30T09:22:15","modified_gmt":"2024-07-30T07:22:15","slug":"easa-part-21","status":"publish","type":"product","link":"https:\/\/intairactions.com\/index.php\/product\/easa-part-21\/","title":{"rendered":"EASA  Part -21"},"content":{"rendered":"<table style=\"height: 128px;\" width=\"1011\">\n<tbody>\n<tr>\n<td colspan=\"2\" width=\"1011\"><strong>PUBLIC\u00a0\u00a0\u00a0\u00a0\u00a0\u00a0\u00a0\u00a0\u00a0\u00a0\u00a0 <\/strong>\u00a0 \u00a0 \u00a0 \u00a0 \u00a0 \u00a0 \u00a0All public<\/td>\n<\/tr>\n<tr>\n<td colspan=\"2\" width=\"1011\"><strong>PRE REQUISITE\u00a0\u00a0\u00a0\u00a0\u00a0\u00a0 <\/strong>None<\/td>\n<\/tr>\n<tr>\n<td colspan=\"2\" width=\"1011\"><strong>DURATION\u00a0 \u00a0 \u00a0 \u00a0 \u00a0 \u00a01 day<\/strong> <strong>\u00a0\/ Face-to-face or Remote<\/strong><\/td>\n<\/tr>\n<tr>\n<td width=\"505\"><strong>Nb of PARTICIPANTS\u00a0 \u00a0<\/strong> 1 mini, up to 8 maxi<\/td>\n<td style=\"text-align: right;\" width=\"505\"><strong>PRICE\u00a0 \u00a0 \u00a0 \u00a0 \u00a0<\/strong>Contact Us<\/td>\n<\/tr>\n<\/tbody>\n<\/table>\n<p>&nbsp;<\/p>\n<table style=\"height: 128px;\" width=\"1017\">\n<tbody>\n<tr>\n<td colspan=\"2\" width=\"1011\"><em><strong>PUBLIC\u00a0\u00a0\u00a0\u00a0\u00a0\u00a0\u00a0\u00a0\u00a0\u00a0\u00a0 <\/strong>\u00a0 \u00a0 \u00a0 \u00a0 \u00a0 \u00a0 \u00a0 \u00a0Tout public<\/em><\/td>\n<\/tr>\n<tr>\n<td colspan=\"2\" width=\"1011\"><em><strong>PRE REQUIS\u00a0 \u00a0 \u00a0 \u00a0 \u00a0 \u00a0 \u00a0 \u00a0 <\/strong>Aucun<\/em><\/td>\n<\/tr>\n<tr>\n<td colspan=\"2\" width=\"1011\"><em><strong>DUREE\u00a0 \u00a0 \u00a0 \u00a0 \u00a0 \u00a0 <\/strong>\u00a0<strong>1 jour \/ Pr\u00e9sentiel ou Distanciel<\/strong><\/em><\/td>\n<\/tr>\n<tr>\n<td width=\"505\"><em><strong>Nb de PARTICIPANTS\u00a0 \u00a0<\/strong>1 mini , jusqu&#8217;\u00e0 8 maxi<\/em><\/td>\n<td style=\"text-align: right;\" width=\"505\"><em><strong>TARIF\u00a0 \u00a0 \u00a0 \u00a0 \u00a0<\/strong>Nous Contacter<\/em><\/td>\n<\/tr>\n<\/tbody>\n<\/table>\n<p>&nbsp;<\/p>\n<p>&nbsp;<\/p>\n","protected":false},"excerpt":{"rendered":"<p>This 1-day course allows participants to acquire\u00a0 general knowledge in EASA regulation Part 21<\/p>\n<p>&nbsp;<\/p>\n<p><strong>R\u00e9glementation EASA &#8211; Parties 66 et 147<\/strong><\/p>\n<p><em>Ce cours d\u2019une dur\u00e9e de 1 jour vise \u00e0 faire acqu\u00e9rir aux participants des connaissances g\u00e9n\u00e9rales de la r\u00e9glementation EASA Partie 21.\u00a0<\/em><\/p>\n","protected":false},"featured_media":825,"template":"","meta":[],"product_cat":[35],"product_tag":[],"class_list":["post-1567","product","type-product","status-publish","has-post-thumbnail","hentry","product_cat-regulations","","tg-column-two"],"_links":{"self":[{"href":"https:\/\/intairactions.com\/index.php\/wp-json\/wp\/v2\/product\/1567","targetHints":{"allow":["GET"]}}],"collection":[{"href":"https:\/\/intairactions.com\/index.php\/wp-json\/wp\/v2\/product"}],"about":[{"href":"https:\/\/intairactions.com\/index.php\/wp-json\/wp\/v2\/types\/product"}],"wp:featuredmedia":[{"embeddable":true,"href":"https:\/\/intairactions.com\/index.php\/wp-json\/wp\/v2\/media\/825"}],"wp:attachment":[{"href":"https:\/\/intairactions.com\/index.php\/wp-json\/wp\/v2\/media?parent=1567"}],"wp:term":[{"taxonomy":"product_cat","embeddable":true,"href":"https:\/\/intairactions.com\/index.php\/wp-json\/wp\/v2\/product_cat?post=1567"},{"taxonomy":"product_tag","embeddable":true,"href":"https:\/\/intairactions.com\/index.php\/wp-json\/wp\/v2\/product_tag?post=1567"}],"curies":[{"name":"wp","href":"https:\/\/api.w.org\/{rel}","templated":true}]}}