{"id":639,"date":"2020-04-13T14:16:17","date_gmt":"2020-04-13T12:16:17","guid":{"rendered":"http:\/\/intairactions.com\/?post_type=product&#038;p=639"},"modified":"2024-07-30T09:15:41","modified_gmt":"2024-07-30T07:15:41","slug":"aviation-english","status":"publish","type":"product","link":"https:\/\/intairactions.com\/index.php\/product\/aviation-english\/","title":{"rendered":"Aviation English &#8211; Custom made"},"content":{"rendered":"<table style=\"height: 128px;\" width=\"1011\">\n<tbody>\n<tr>\n<td colspan=\"2\" width=\"1011\"><strong>PUBLIC\u00a0\u00a0\u00a0\u00a0\u00a0\u00a0\u00a0\u00a0\u00a0\u00a0\u00a0 <\/strong>\u00a0 \u00a0 \u00a0 \u00a0 \u00a0 \u00a0 \u00a0All public\u00a0 \/ Beginner to Advanced Levels<\/td>\n<\/tr>\n<tr>\n<td colspan=\"2\" width=\"1011\"><strong>PRE REQUISITE\u00a0\u00a0\u00a0\u00a0\u00a0\u00a0 <\/strong>Minimum Level of English language<\/td>\n<\/tr>\n<tr>\n<td colspan=\"2\" width=\"1011\"><strong>DURATION\u00a0\u00a0\u00a0\u00a0\u00a0\u00a0\u00a0\u00a0\u00a0\u00a0\u00a0\u00a0\u00a0\u00a0\u00a0\u00a0\u00a0\u00a0 \u00a0\u00a0\u00a0\u00a0\u00a0\u00a0\u00a0\u00a0\u00a0\u00a0\u00a0 <\/strong>adjustable from 1 to 3 weeks \/ Face-to-face preferably<\/td>\n<\/tr>\n<tr>\n<td width=\"505\"><strong>Nb of PARTICIPANTS\u00a0 \u00a0<\/strong>\u00a01 mini, up to 8 maxi<\/td>\n<td style=\"text-align: right;\" width=\"505\"><strong>PRICE\u00a0 \u00a0 \u00a0 \u00a0 \u00a0<\/strong>Contact Us<\/td>\n<\/tr>\n<\/tbody>\n<\/table>\n<p>&nbsp;<\/p>\n<table style=\"height: 128px;\" width=\"1017\">\n<tbody>\n<tr>\n<td colspan=\"2\" width=\"1011\"><em><strong>PUBLIC\u00a0\u00a0\u00a0\u00a0\u00a0\u00a0\u00a0\u00a0\u00a0\u00a0\u00a0 <\/strong>\u00a0 \u00a0 \u00a0 \u00a0 \u00a0 \u00a0 \u00a0 \u00a0Tout public \/ Niveaux D\u00e9butant \u00e0 Avanc\u00e9<\/em><\/td>\n<\/tr>\n<tr>\n<td colspan=\"2\" width=\"1011\"><em><strong>PRE REQUIS\u00a0 \u00a0 \u00a0 \u00a0 \u00a0 \u00a0 \u00a0 \u00a0 <\/strong>Niveau\u00a0 minimum d&#8217;anglais<\/em><\/td>\n<\/tr>\n<tr>\n<td colspan=\"2\" width=\"1011\"><em><strong>DUREE\u00a0 \u00a0 \u00a0 \u00a0 \u00a0 \u00a0 \u00a0 \u00a0 \u00a0 \u00a0 \u00a0 \u00a0 \u00a0 \u00a0 \u00a0 \u00a0 \u00a0 \u00a0<\/strong>modulable de 1 \u00e0 3 semaines \/ Pr\u00e9sentiel de pr\u00e9f\u00e9rence<\/em><\/td>\n<\/tr>\n<tr>\n<td width=\"505\"><em><strong>Nb de PARTICIPANTS\u00a0 \u00a0<\/strong>1 mini , jusqu&#8217;\u00e0 8 maxi<\/em><\/td>\n<td style=\"text-align: right;\" width=\"505\"><em><strong>TARIF\u00a0 \u00a0 \u00a0 \u00a0 \u00a0<\/strong>Nous Contacter<\/em><\/td>\n<\/tr>\n<\/tbody>\n<\/table>\n<p>&nbsp;<\/p>\n","protected":false},"excerpt":{"rendered":"<p>Courses\u00a0 customised according to the client needs, focussed either on vocabular and typical grammar structures of Aviation English and\/or of EASA Airworthiness English ; understanding of various technical or regulation documents; written comprehension ; written expression ; listening comprehension; oral expression.<\/p>\n<p>&nbsp;<\/p>\n<p><em><strong>Anglais a\u00e9ronautique\u00a0 \/ Anglais Navigabilit\u00e9\u00a0<\/strong><\/em><\/p>\n<p>Formations sur mesure selon les besoins clients, focalis\u00e9es au choix , sur le vocabulaire et les structures grammaticales sp\u00e9cifiques de l&#8217;anglais a\u00e9ronautique ou l&#8217;anglais de la navigabilit\u00e9; la compr\u00e9hension de documents techniques ou de r\u00e9glementation; la compr\u00e9hension \u00e9crite; l&#8217;expression \u00e9crite; la compr\u00e9hension orale ; l&#8217;expression orale.<\/p>\n","protected":false},"featured_media":797,"template":"","meta":[],"product_cat":[34],"product_tag":[],"class_list":["post-639","product","type-product","status-publish","has-post-thumbnail","hentry","product_cat-english","","tg-column-two"],"_links":{"self":[{"href":"https:\/\/intairactions.com\/index.php\/wp-json\/wp\/v2\/product\/639","targetHints":{"allow":["GET"]}}],"collection":[{"href":"https:\/\/intairactions.com\/index.php\/wp-json\/wp\/v2\/product"}],"about":[{"href":"https:\/\/intairactions.com\/index.php\/wp-json\/wp\/v2\/types\/product"}],"wp:featuredmedia":[{"embeddable":true,"href":"https:\/\/intairactions.com\/index.php\/wp-json\/wp\/v2\/media\/797"}],"wp:attachment":[{"href":"https:\/\/intairactions.com\/index.php\/wp-json\/wp\/v2\/media?parent=639"}],"wp:term":[{"taxonomy":"product_cat","embeddable":true,"href":"https:\/\/intairactions.com\/index.php\/wp-json\/wp\/v2\/product_cat?post=639"},{"taxonomy":"product_tag","embeddable":true,"href":"https:\/\/intairactions.com\/index.php\/wp-json\/wp\/v2\/product_tag?post=639"}],"curies":[{"name":"wp","href":"https:\/\/api.w.org\/{rel}","templated":true}]}}