{"id":733,"date":"2020-04-14T19:53:23","date_gmt":"2020-04-14T17:53:23","guid":{"rendered":"http:\/\/intairactions.com\/?post_type=product&#038;p=733"},"modified":"2024-07-30T09:25:46","modified_gmt":"2024-07-30T07:25:46","slug":"human-factors-refresher","status":"publish","type":"product","link":"https:\/\/intairactions.com\/index.php\/product\/human-factors-refresher\/","title":{"rendered":"Safety training (SMS &#038; Human Factors) \/ Refresher"},"content":{"rendered":"<table style=\"height: 128px;\" width=\"1011\">\n<tbody>\n<tr>\n<td colspan=\"2\" width=\"1011\"><strong>PUBLIC\u00a0 \u00a0 \u00a0 \u00a0 \u00a0 <\/strong>Personnel in EASA approved Organisations (21\/145\/147\/CAMO\/CAO)<\/td>\n<\/tr>\n<tr>\n<td colspan=\"2\" width=\"1011\"><strong>PRE REQUISITE\u00a0 \u00a0 \u00a0 \u00a0<\/strong>SMS &amp; HF\u00a0 Initial Course<\/td>\n<\/tr>\n<tr>\n<td colspan=\"2\" width=\"1011\"><strong>DURATION\u00a0\u00a0\u00a0\u00a0\u00a0\u00a0\u00a0\u00a0\u00a0\u00a0\u00a0\u00a0\u00a0\u00a0\u00a0\u00a0\u00a0\u00a0 \u00a0\u00a0\u00a0\u00a0\u00a0\u00a0\u00a0\u00a0\u00a0\u00a0\u00a0 <\/strong>1\u00a0 to 2 days (customised) \/ Face-to-face or Remote<\/td>\n<\/tr>\n<tr>\n<td width=\"505\"><strong>Nb of PARTICIPANTS\u00a0 \u00a0<\/strong> 1 mini, up to 8 maxi<\/td>\n<td style=\"text-align: right;\" width=\"505\"><strong>PRICE\u00a0 \u00a0 \u00a0 \u00a0 \u00a0<\/strong>Contact Us<\/td>\n<\/tr>\n<\/tbody>\n<\/table>\n<p>&nbsp;<\/p>\n<table style=\"height: 128px;\" width=\"1017\">\n<tbody>\n<tr>\n<td colspan=\"2\" width=\"1011\"><em><strong>PUBLIC\u00a0 \u00a0 \u00a0 \u00a0 \u00a0 <\/strong>Personnel d&#8217;Organismes agr\u00e9\u00e9s EASA (21\/145\/147\/CAMO\/CAO)<\/em><\/td>\n<\/tr>\n<tr>\n<td colspan=\"2\" width=\"1011\"><em><strong>PRE REQUIS\u00a0 \u00a0 \u00a0 \u00a0 \u00a0 \u00a0 \u00a0 \u00a0 <\/strong>Cours Initial\u00a0 SGS &amp; FH<\/em><\/td>\n<\/tr>\n<tr>\n<td colspan=\"2\" width=\"1011\"><em><strong>DUREE \u00a0 \u00a0 \u00a0 \u00a0 \u00a0 \u00a0 \u00a0 \u00a0 \u00a0 \u00a0 \u00a0 \u00a0 \u00a0 \u00a0 \u00a0 \u00a0 \u00a0 \u00a0 \u00a0 <\/strong>1 \u00e0 2 jours (sur mesure) \/ Pr\u00e9sentiel ou Distanciel<\/em><\/td>\n<\/tr>\n<tr>\n<td width=\"505\"><em><strong>Nb de PARTICIPANTS\u00a0 <\/strong>1 mini, jusqu&#8217;\u00e0 8 maxi<\/em><\/td>\n<td style=\"text-align: right;\" width=\"505\"><em><strong>TARIF\u00a0 \u00a0 \u00a0 \u00a0 \u00a0<\/strong>Nous Contacter<\/em><\/td>\n<\/tr>\n<\/tbody>\n<\/table>\n<p>&nbsp;<\/p>\n","protected":false},"excerpt":{"rendered":"<p>This refresher course allows participants to develop an understanding of the application of human factors and human performance issues; through a description of responsibilities in the safety implementation,\u00a0 and via practical\u00a0 analysis of incidents or accidents occured in their working environment. Risk analysis and study of the organisation SMS is done simultaneously.<\/p>\n<p><em><strong>Formation S\u00e9curit\u00e9 (SGS &amp; Facteurs Humains)\u00a0 &#8211; Actualisation<\/strong><\/em><\/p>\n<p><em>Ce cours va permettre aux participants de d\u00e9velopper la compr\u00e9hension de l&#8217;application des facteurs humains et des probl\u00e8mes associ\u00e9s; via une description des responsabilit\u00e9s en mati\u00e8re de mise en place de la s\u00e9curit\u00e9, ainsi que via des analyses pratiques d&#8217;accidents ou incidents survenus dans leur environnement de travail. L&#8217;analyse des risques et du syst\u00e8me de Gestion de la S\u00e9curit\u00e9 mis en place dans l&#8217;organisme se fait en parall\u00e8le.\u00a0<\/em><\/p>\n","protected":false},"featured_media":1541,"template":"","meta":[],"product_cat":[36,35],"product_tag":[],"class_list":["post-733","product","type-product","status-publish","has-post-thumbnail","hentry","product_cat-diverse","product_cat-regulations","","tg-column-two"],"_links":{"self":[{"href":"https:\/\/intairactions.com\/index.php\/wp-json\/wp\/v2\/product\/733","targetHints":{"allow":["GET"]}}],"collection":[{"href":"https:\/\/intairactions.com\/index.php\/wp-json\/wp\/v2\/product"}],"about":[{"href":"https:\/\/intairactions.com\/index.php\/wp-json\/wp\/v2\/types\/product"}],"wp:featuredmedia":[{"embeddable":true,"href":"https:\/\/intairactions.com\/index.php\/wp-json\/wp\/v2\/media\/1541"}],"wp:attachment":[{"href":"https:\/\/intairactions.com\/index.php\/wp-json\/wp\/v2\/media?parent=733"}],"wp:term":[{"taxonomy":"product_cat","embeddable":true,"href":"https:\/\/intairactions.com\/index.php\/wp-json\/wp\/v2\/product_cat?post=733"},{"taxonomy":"product_tag","embeddable":true,"href":"https:\/\/intairactions.com\/index.php\/wp-json\/wp\/v2\/product_tag?post=733"}],"curies":[{"name":"wp","href":"https:\/\/api.w.org\/{rel}","templated":true}]}}