{"id":833,"date":"2020-04-15T14:02:34","date_gmt":"2020-04-15T12:02:34","guid":{"rendered":"http:\/\/intairactions.com\/?post_type=product&#038;p=833"},"modified":"2024-07-30T09:25:29","modified_gmt":"2024-07-30T07:25:29","slug":"pedagogical-english","status":"publish","type":"product","link":"https:\/\/intairactions.com\/index.php\/product\/pedagogical-english\/","title":{"rendered":"Pedagogical English for instructors"},"content":{"rendered":"<table style=\"height: 128px;\" width=\"1011\">\n<tbody>\n<tr>\n<td colspan=\"2\" width=\"1011\"><strong>PUBLIC\u00a0\u00a0\u00a0\u00a0\u00a0\u00a0\u00a0\u00a0\u00a0\u00a0\u00a0 <\/strong>\u00a0 \u00a0 \u00a0 \u00a0 \u00a0 \u00a0 \u00a0Instructors, or future instructors<\/td>\n<\/tr>\n<tr>\n<td colspan=\"2\" width=\"1011\"><strong>PRE REQUISITE\u00a0\u00a0\u00a0 <\/strong>Good knowledge and\/or experience in the future field of training &#8211; Sufficient Level of English language<\/td>\n<\/tr>\n<tr>\n<td colspan=\"2\" width=\"1011\"><strong>DURATION\u00a0 \u00a0 \u00a0 \u00a0 \u00a0 \u00a0 \u00a0 \u00a0 \u00a0 \u00a0 \u00a0 \u00a0 \u00a0 \u00a0 \u00a0<\/strong> adjustable from 1 to 3 weeks \/ Face-to-face preferably<\/td>\n<\/tr>\n<tr>\n<td width=\"505\"><strong>Nb of PARTICIPANTS\u00a0 \u00a0<\/strong> 1 mini, up to 6 maxi<\/td>\n<td style=\"text-align: right;\" width=\"505\"><strong>PRICE\u00a0 \u00a0 \u00a0 \u00a0 \u00a0<\/strong>Contact Us<\/td>\n<\/tr>\n<\/tbody>\n<\/table>\n<p>&nbsp;<\/p>\n<table style=\"height: 128px;\" width=\"1017\">\n<tbody>\n<tr>\n<td colspan=\"2\" width=\"1011\"><em><strong>PUBLIC\u00a0\u00a0\u00a0\u00a0\u00a0\u00a0\u00a0\u00a0\u00a0\u00a0\u00a0 <\/strong>\u00a0 \u00a0 \u00a0 \u00a0 \u00a0 \u00a0 \u00a0 \u00a0Formateurs ou futurs formateurs<\/em><\/td>\n<\/tr>\n<tr>\n<td colspan=\"2\" width=\"1011\"><em><strong>PRE REQUIS\u00a0 \u00a0<\/strong>Bonnes connaissances et\/ou exp\u00e9rience notable dans le futur domaine d&#8217;enseignement &#8211; Niveau d&#8217;anglais suffisant<\/em><\/td>\n<\/tr>\n<tr>\n<td colspan=\"2\" width=\"1011\"><em><strong>DUREE \u00a0 \u00a0 \u00a0 \u00a0 \u00a0 \u00a0 \u00a0 \u00a0 \u00a0 \u00a0 \u00a0 \u00a0 \u00a0 \u00a0 \u00a0 \u00a0 \u00a0 \u00a0 \u00a0 <\/strong>modulable de 1 \u00e0 3 semaines \/ Pr\u00e9sentiel de pr\u00e9f\u00e9rence<\/em><\/td>\n<\/tr>\n<tr>\n<td width=\"505\"><em><strong>Nb de PARTICIPANTS\u00a0 \u00a0<\/strong>1 mini , jusqu&#8217;\u00e0 6 maxi<\/em><\/td>\n<td style=\"text-align: right;\" width=\"505\"><em><strong>TARIF\u00a0 \u00a0 \u00a0 \u00a0 \u00a0<\/strong>Nous Contacter<\/em><\/td>\n<\/tr>\n<\/tbody>\n<\/table>\n<p>&nbsp;<\/p>\n","protected":false},"excerpt":{"rendered":"<p>The objective of this course is to prepare experienced instructors (non-native English ) to give lessons in English language by using appropriate\u00a0 pedagogical terms.<\/p>\n<p>&nbsp;<\/p>\n<p><em><strong>Anglais de la P\u00e9dagogie pour formateurs techniques<\/strong><\/em><\/p>\n<p><em>Ce cours\u00a0 vise \u00e0 pr\u00e9parer les formateurs confirm\u00e9s \u00e0 dispenser des cours de formation professionnelle, en langue anglaise avec un vocabulaire p\u00e9dagogique appropri\u00e9.<\/em><\/p>\n","protected":false},"featured_media":760,"template":"","meta":[],"product_cat":[36,34,33,35],"product_tag":[],"class_list":["post-833","product","type-product","status-publish","has-post-thumbnail","hentry","product_cat-diverse","product_cat-english","product_cat-pedagogy","product_cat-regulations","","tg-column-two"],"_links":{"self":[{"href":"https:\/\/intairactions.com\/index.php\/wp-json\/wp\/v2\/product\/833","targetHints":{"allow":["GET"]}}],"collection":[{"href":"https:\/\/intairactions.com\/index.php\/wp-json\/wp\/v2\/product"}],"about":[{"href":"https:\/\/intairactions.com\/index.php\/wp-json\/wp\/v2\/types\/product"}],"wp:featuredmedia":[{"embeddable":true,"href":"https:\/\/intairactions.com\/index.php\/wp-json\/wp\/v2\/media\/760"}],"wp:attachment":[{"href":"https:\/\/intairactions.com\/index.php\/wp-json\/wp\/v2\/media?parent=833"}],"wp:term":[{"taxonomy":"product_cat","embeddable":true,"href":"https:\/\/intairactions.com\/index.php\/wp-json\/wp\/v2\/product_cat?post=833"},{"taxonomy":"product_tag","embeddable":true,"href":"https:\/\/intairactions.com\/index.php\/wp-json\/wp\/v2\/product_tag?post=833"}],"curies":[{"name":"wp","href":"https:\/\/api.w.org\/{rel}","templated":true}]}}