{"id":898,"date":"2020-04-16T18:19:40","date_gmt":"2020-04-16T16:19:40","guid":{"rendered":"http:\/\/intairactions.com\/?post_type=product&#038;p=898"},"modified":"2024-07-30T09:12:13","modified_gmt":"2024-07-30T07:12:13","slug":"train-the-trainers-refresher","status":"publish","type":"product","link":"https:\/\/intairactions.com\/index.php\/product\/train-the-trainers-refresher\/","title":{"rendered":"Train the Trainers &#8211; Refresher"},"content":{"rendered":"<p>&nbsp;<\/p>\n<table style=\"height: 128px;\" width=\"1011\">\n<tbody>\n<tr>\n<td colspan=\"2\" width=\"1011\"><strong>PUBLIC\u00a0\u00a0\u00a0\u00a0\u00a0\u00a0\u00a0\u00a0\u00a0\u00a0\u00a0 <\/strong>\u00a0 \u00a0 \u00a0 \u00a0 \u00a0 \u00a0 \u00a0Instructors<\/td>\n<\/tr>\n<tr>\n<td colspan=\"2\" width=\"1011\"><strong>PRE REQUISITE\u00a0\u00a0\u00a0\u00a0\u00a0\u00a0 <\/strong>Experience in training<\/td>\n<\/tr>\n<tr>\n<td colspan=\"2\" width=\"1011\"><strong>DURATION\u00a0\u00a0\u00a0\u00a0\u00a0\u00a0\u00a0\u00a0\u00a0\u00a0\u00a0\u00a0\u00a0\u00a0\u00a0\u00a0\u00a0\u00a0 \u00a0\u00a0\u00a0\u00a0\u00a0\u00a0\u00a0\u00a0\u00a0\u00a0\u00a0 <\/strong>1 day \/ Face-to-face preferably<\/td>\n<\/tr>\n<tr>\n<td width=\"505\"><strong>Nb of PARTICIPANTS\u00a0\u00a0\u00a0\u00a0 <\/strong>2 mini, up to 6 maxi<\/td>\n<td style=\"text-align: right;\" width=\"505\"><strong>PRICE\u00a0 \u00a0 \u00a0 \u00a0 \u00a0<\/strong>Contact Us<\/td>\n<\/tr>\n<\/tbody>\n<\/table>\n<p>&nbsp;<\/p>\n<table style=\"height: 128px;\" width=\"1011\">\n<tbody>\n<tr>\n<td colspan=\"2\" width=\"1011\"><em><strong>PUBLIC\u00a0\u00a0\u00a0\u00a0\u00a0\u00a0\u00a0\u00a0\u00a0\u00a0\u00a0 <\/strong>\u00a0 \u00a0 \u00a0 \u00a0 \u00a0 \u00a0 \u00a0 \u00a0Formateurs\u00a0<\/em><\/td>\n<\/tr>\n<tr>\n<td colspan=\"2\" width=\"1011\"><em><strong>PRE REQUIS\u00a0 \u00a0 \u00a0 \u00a0 \u00a0<\/strong>Exp\u00e9rience en formation<\/em><\/td>\n<\/tr>\n<tr>\n<td colspan=\"2\" width=\"1011\"><em><strong>DUREE \u00a0 \u00a0 \u00a0 \u00a0 \u00a0 \u00a0 \u00a0 \u00a0 \u00a0 \u00a0 \u00a0 \u00a0 \u00a0 \u00a0 \u00a0 \u00a0 \u00a0 \u00a0 \u00a0 <\/strong>1 jour \/ Pr\u00e9sentiel de pr\u00e9f\u00e9rence<\/em><\/td>\n<\/tr>\n<tr>\n<td width=\"505\"><em><strong>Nb of PARTICIPANTS\u00a0\u00a0\u00a0\u00a0 <\/strong>2 mini, jusqu&#8217;\u00e0 6 maxi<\/em><\/td>\n<td style=\"text-align: right;\" width=\"505\"><em><strong>TARIF\u00a0 \u00a0 \u00a0 \u00a0 \u00a0<\/strong>Nous Contacter<\/em><\/td>\n<\/tr>\n<\/tbody>\n<\/table>\n","protected":false},"excerpt":{"rendered":"<p>This\u00a0 1-day refresher course aims to update knowledge of experienced-instructors, so that to maximise the training action aspects and to find solutions to various problems they meet in their daily practice.<\/p>\n<p>&nbsp;<\/p>\n<p><em><strong>Formation de\u00a0 Formateurs &#8211; Remise \u00e0 Niveau<\/strong><\/em><\/p>\n<p><em>Ce cours d&#8217;une journ\u00e9e <\/em><em>vise \u00e0 mettre \u00e0 jour la connaissance des formateurs exp\u00e9riment\u00e9s afin d\u2019optimiser les aspects de l\u2019action de formation\u00a0et de mettre en place des solutions\u00a0aux diff\u00e9rents probl\u00e8mes rencontr\u00e9s\u00a0lors de leur pratique quotidienne.<\/em><\/p>\n","protected":false},"featured_media":1473,"template":"","meta":[],"product_cat":[36,33,35],"product_tag":[],"class_list":["post-898","product","type-product","status-publish","has-post-thumbnail","hentry","product_cat-diverse","product_cat-pedagogy","product_cat-regulations","","tg-column-two"],"_links":{"self":[{"href":"https:\/\/intairactions.com\/index.php\/wp-json\/wp\/v2\/product\/898","targetHints":{"allow":["GET"]}}],"collection":[{"href":"https:\/\/intairactions.com\/index.php\/wp-json\/wp\/v2\/product"}],"about":[{"href":"https:\/\/intairactions.com\/index.php\/wp-json\/wp\/v2\/types\/product"}],"wp:featuredmedia":[{"embeddable":true,"href":"https:\/\/intairactions.com\/index.php\/wp-json\/wp\/v2\/media\/1473"}],"wp:attachment":[{"href":"https:\/\/intairactions.com\/index.php\/wp-json\/wp\/v2\/media?parent=898"}],"wp:term":[{"taxonomy":"product_cat","embeddable":true,"href":"https:\/\/intairactions.com\/index.php\/wp-json\/wp\/v2\/product_cat?post=898"},{"taxonomy":"product_tag","embeddable":true,"href":"https:\/\/intairactions.com\/index.php\/wp-json\/wp\/v2\/product_tag?post=898"}],"curies":[{"name":"wp","href":"https:\/\/api.w.org\/{rel}","templated":true}]}}